{"id":1289,"date":"2025-09-29T10:51:50","date_gmt":"2025-09-29T02:51:50","guid":{"rendered":"https:\/\/leowaterpump.com\/product\/pompe-multicellulaire-horizontale-en-acierinoxydable\/"},"modified":"2025-09-29T10:51:50","modified_gmt":"2025-09-29T02:51:50","slug":"pompe-multicellulaire-horizontale-en-acierinoxydable","status":"publish","type":"product","link":"https:\/\/leowaterpump.com\/fr\/produit\/pompe-multicellulaire-horizontale-en-acierinoxydable\/","title":{"rendered":"Pompe multicellulaire horizontale en acier\ninoxydable"},"content":{"rendered":"<h3>Tableau des mat\u00e9riaux<\/h3>\n<p><img fetchpriority=\"high\" decoding=\"async\" class=\"alignnone wp-image-746 size-full\" src=\"https:\/\/leowaterpump.com\/wp-content\/uploads\/2025\/09\/image-84.png\" alt=\"\" width=\"430\" height=\"490\" title=\"\" srcset=\"https:\/\/leowaterpump.com\/wp-content\/uploads\/2025\/09\/image-84.png 430w, https:\/\/leowaterpump.com\/wp-content\/uploads\/2025\/09\/image-84-263x300.png 263w\" sizes=\"(max-width: 430px) 100vw, 430px\" \/><\/p>\n<p><img decoding=\"async\" class=\"alignnone wp-image-747 size-full\" src=\"https:\/\/leowaterpump.com\/wp-content\/uploads\/2025\/09\/image-85.png\" alt=\"\" width=\"554\" height=\"414\" title=\"\" srcset=\"https:\/\/leowaterpump.com\/wp-content\/uploads\/2025\/09\/image-85.png 554w, https:\/\/leowaterpump.com\/wp-content\/uploads\/2025\/09\/image-85-300x224.png 300w\" sizes=\"(max-width: 554px) 100vw, 554px\" \/><\/p>\n","protected":false},"excerpt":{"rendered":"<h3>Application<\/h3>\n<p>Il s\u2019applique \u00e0 l\u2019approvisionnement en eau domestique, au support d\u2019\u00e9quipement, \u00e0 la pressurisation des canalisations, \u00e0 l\u2019arrosage des jardins, \u00e0 l\u2019arrosage des serres mara\u00eech\u00e8res, \u00e0 la pisciculture et \u00e0 l\u2019\u00e9levage de volailles, \u00e0 l\u2019industrie et \u00e0 l\u2019exploitation mini\u00e8re, \u00e0 l\u2019approvisionnement en eau et au drainage des entreprises et des immeubles de grande hauteur, au climatiseur central et au syst\u00e8me de circulation de chauffage centralis\u00e9, etc<\/p>\n<h3>Pompe<\/h3>\n<ul>\n<li>Arbre AISI 304<\/li>\n<li>Max. temp\u00e9rature du liquide : +85\u00b0C<\/li>\n<li>Altitude : jusqu\u2019\u00e0 1000 m<\/li>\n<li>Max. Aspiration&nbsp;: 8 m<\/li>\n<li>Max. Pression d\u2019entr\u00e9e : limit\u00e9e par la pression de service max. <\/li>\n<li>Max. Pression de service : 10 bar<\/li>\n<li>Valeur PH liquide : 4-10<\/li>\n<\/ul>\n<h3>Moteur<\/h3>\n<ul>\n<li>Moteur IE2 (moteur IE3 disponible sur demande)<\/li>\n<li>Moteur avec enroulement en cuivre<\/li>\n<li>Protecteur thermique int\u00e9gr\u00e9 pour moteur monophas\u00e9<\/li>\n<li>Classe d\u2019isolation : F<\/li>\n<li>Classe des bo\u00eetiers : IP55<\/li>\n<li>Max. temp\u00e9rature ambiante : +40\u00b0C<\/li>\n<\/ul>\n<h3>Codes d\u2019identification<\/h3>\n<p><img decoding=\"async\" class=\"alignnone wp-image-748 size-full\" src=\"https:\/\/leowaterpump.com\/wp-content\/uploads\/2025\/09\/image-86.png\" alt=\"\" width=\"534\" height=\"166\" srcset=\"https:\/\/leowaterpump.com\/wp-content\/uploads\/2025\/09\/image-86.png 534w, https:\/\/leowaterpump.com\/wp-content\/uploads\/2025\/09\/image-86-300x93.png 300w\" sizes=\"(max-width: 534px) 100vw, 534px\" \/><\/p>\n","protected":false},"featured_media":785,"template":"","meta":[],"product_brand":[],"product_cat":[214,182],"product_tag":[],"class_list":{"0":"post-1289","1":"product","2":"type-product","3":"status-publish","4":"has-post-thumbnail","6":"product_cat-pompe-multicellulaire-horizontale-verticale","7":"product_cat-pompes-commerciales","9":"first","10":"instock","11":"shipping-taxable","12":"product-type-simple"},"_links":{"self":[{"href":"https:\/\/leowaterpump.com\/fr\/wp-json\/wp\/v2\/product\/1289","targetHints":{"allow":["GET"]}}],"collection":[{"href":"https:\/\/leowaterpump.com\/fr\/wp-json\/wp\/v2\/product"}],"about":[{"href":"https:\/\/leowaterpump.com\/fr\/wp-json\/wp\/v2\/types\/product"}],"wp:featuredmedia":[{"embeddable":true,"href":"https:\/\/leowaterpump.com\/fr\/wp-json\/wp\/v2\/media\/785"}],"wp:attachment":[{"href":"https:\/\/leowaterpump.com\/fr\/wp-json\/wp\/v2\/media?parent=1289"}],"wp:term":[{"taxonomy":"product_brand","embeddable":true,"href":"https:\/\/leowaterpump.com\/fr\/wp-json\/wp\/v2\/product_brand?post=1289"},{"taxonomy":"product_cat","embeddable":true,"href":"https:\/\/leowaterpump.com\/fr\/wp-json\/wp\/v2\/product_cat?post=1289"},{"taxonomy":"product_tag","embeddable":true,"href":"https:\/\/leowaterpump.com\/fr\/wp-json\/wp\/v2\/product_tag?post=1289"}],"curies":[{"name":"wp","href":"https:\/\/api.w.org\/{rel}","templated":true}]}}