{"id":1277,"date":"2025-09-29T10:51:50","date_gmt":"2025-09-29T02:51:50","guid":{"rendered":"https:\/\/leowaterpump.com\/product\/pompe-de-transfert-polyvalente\/"},"modified":"2025-09-29T10:51:50","modified_gmt":"2025-09-29T02:51:50","slug":"pompe-de-transfert-polyvalente","status":"publish","type":"product","link":"https:\/\/leowaterpump.com\/fr\/produit\/pompe-de-transfert-polyvalente\/","title":{"rendered":"Pompe de transfert polyvalente"},"content":{"rendered":"<p><img fetchpriority=\"high\" decoding=\"async\" class=\"alignnone wp-image-720 size-full\" src=\"https:\/\/leowaterpump.com\/wp-content\/uploads\/2025\/09\/image-58.png\" alt=\"\" width=\"1290\" height=\"192\" title=\"\" srcset=\"https:\/\/leowaterpump.com\/wp-content\/uploads\/2025\/09\/image-58.png 1290w, https:\/\/leowaterpump.com\/wp-content\/uploads\/2025\/09\/image-58-300x45.png 300w, https:\/\/leowaterpump.com\/wp-content\/uploads\/2025\/09\/image-58-1024x152.png 1024w, https:\/\/leowaterpump.com\/wp-content\/uploads\/2025\/09\/image-58-768x114.png 768w, https:\/\/leowaterpump.com\/wp-content\/uploads\/2025\/09\/image-58-600x89.png 600w\" sizes=\"(max-width: 1290px) 100vw, 1290px\" \/><\/p>\n<h3>SP\u00c9CIFICATIONS DU CARTON<\/h3>\n<p><img decoding=\"async\" class=\"alignnone wp-image-721 size-full\" src=\"https:\/\/leowaterpump.com\/wp-content\/uploads\/2025\/09\/image-59.png\" alt=\"\" width=\"844\" height=\"136\" title=\"\" srcset=\"https:\/\/leowaterpump.com\/wp-content\/uploads\/2025\/09\/image-59.png 844w, https:\/\/leowaterpump.com\/wp-content\/uploads\/2025\/09\/image-59-300x48.png 300w, https:\/\/leowaterpump.com\/wp-content\/uploads\/2025\/09\/image-59-768x124.png 768w, https:\/\/leowaterpump.com\/wp-content\/uploads\/2025\/09\/image-59-600x97.png 600w\" sizes=\"(max-width: 844px) 100vw, 844px\" \/><\/p>\n<p><img decoding=\"async\" class=\"alignnone wp-image-722 size-full\" src=\"https:\/\/leowaterpump.com\/wp-content\/uploads\/2025\/09\/image-60.png\" alt=\"\" width=\"638\" height=\"446\" title=\"\" srcset=\"https:\/\/leowaterpump.com\/wp-content\/uploads\/2025\/09\/image-60.png 638w, https:\/\/leowaterpump.com\/wp-content\/uploads\/2025\/09\/image-60-300x210.png 300w, https:\/\/leowaterpump.com\/wp-content\/uploads\/2025\/09\/image-60-600x419.png 600w\" sizes=\"(max-width: 638px) 100vw, 638px\" \/><\/p>\n","protected":false},"excerpt":{"rendered":"<h3>APPLICATIONS<\/h3>\n<p>Id\u00e9al pour vidanger les r\u00e9servoirs d\u2019eau chaude, les appareils \u00e9lectrom\u00e9nagers, les aquariums et les cales de bateaux, remplir ou vider les puits vivants ou les applications de transfert d\u2019eau o\u00f9 une portabilit\u00e9 facile est requise.<\/p>\n<h3>CARACT\u00c9RISTIQUES ET AVANTAGES<\/h3>\n<ul>\n<li>Poign\u00e9e ergonomique unique con\u00e7ue pour une portabilit\u00e9 facile  <\/li>\n<li>Volute en m\u00e9tal durable<\/li>\n<li>Pas de conception d\u2019huile, sans danger pour la vie aquatique<\/li>\n<li>Protection automatique int\u00e9gr\u00e9e contre les surcharges thermiques<\/li>\n<li>Accessoire d\u2019aspiration d\u2019eau inclus<\/li>\n<li>Disponible en 115 volts ou 12 volts<\/li>\n<li>Le mod\u00e8le 12 volts est livr\u00e9 avec un interrupteur marche et arr\u00eat<\/li>\n<li>Les adaptateurs en laiton 3\/4&Prime; se connectent au tuyau d\u2019arrosage standard<\/li>\n<\/ul>\n","protected":false},"featured_media":827,"template":"","meta":[],"product_brand":[],"product_cat":[212,213,181],"product_tag":[],"class_list":{"0":"post-1277","1":"product","2":"type-product","3":"status-publish","4":"has-post-thumbnail","6":"product_cat-polyvalent","7":"product_cat-pompe-de-transfert-polyvalente","8":"product_cat-pompes-domestiques","10":"first","11":"instock","12":"shipping-taxable","13":"product-type-simple"},"_links":{"self":[{"href":"https:\/\/leowaterpump.com\/fr\/wp-json\/wp\/v2\/product\/1277","targetHints":{"allow":["GET"]}}],"collection":[{"href":"https:\/\/leowaterpump.com\/fr\/wp-json\/wp\/v2\/product"}],"about":[{"href":"https:\/\/leowaterpump.com\/fr\/wp-json\/wp\/v2\/types\/product"}],"wp:featuredmedia":[{"embeddable":true,"href":"https:\/\/leowaterpump.com\/fr\/wp-json\/wp\/v2\/media\/827"}],"wp:attachment":[{"href":"https:\/\/leowaterpump.com\/fr\/wp-json\/wp\/v2\/media?parent=1277"}],"wp:term":[{"taxonomy":"product_brand","embeddable":true,"href":"https:\/\/leowaterpump.com\/fr\/wp-json\/wp\/v2\/product_brand?post=1277"},{"taxonomy":"product_cat","embeddable":true,"href":"https:\/\/leowaterpump.com\/fr\/wp-json\/wp\/v2\/product_cat?post=1277"},{"taxonomy":"product_tag","embeddable":true,"href":"https:\/\/leowaterpump.com\/fr\/wp-json\/wp\/v2\/product_tag?post=1277"}],"curies":[{"name":"wp","href":"https:\/\/api.w.org\/{rel}","templated":true}]}}