{"id":1270,"date":"2025-09-29T10:51:50","date_gmt":"2025-09-29T02:51:50","guid":{"rendered":"https:\/\/leowaterpump.com\/product\/pompe-a-effluent-thermoplastique\/"},"modified":"2025-09-29T10:51:50","modified_gmt":"2025-09-29T02:51:50","slug":"pompe-a-effluent-thermoplastique","status":"publish","type":"product","link":"https:\/\/leowaterpump.com\/fr\/produit\/pompe-a-effluent-thermoplastique\/","title":{"rendered":"Pompe \u00e0 effluent thermoplastique"},"content":{"rendered":"<p><img fetchpriority=\"high\" decoding=\"async\" class=\"alignnone wp-image-699 size-full\" src=\"https:\/\/leowaterpump.com\/wp-content\/uploads\/2025\/09\/image-37.png\" alt=\"\" width=\"1284\" height=\"236\" title=\"\" srcset=\"https:\/\/leowaterpump.com\/wp-content\/uploads\/2025\/09\/image-37.png 1284w, https:\/\/leowaterpump.com\/wp-content\/uploads\/2025\/09\/image-37-300x55.png 300w, https:\/\/leowaterpump.com\/wp-content\/uploads\/2025\/09\/image-37-1024x188.png 1024w, https:\/\/leowaterpump.com\/wp-content\/uploads\/2025\/09\/image-37-768x141.png 768w, https:\/\/leowaterpump.com\/wp-content\/uploads\/2025\/09\/image-37-600x110.png 600w\" sizes=\"(max-width: 1284px) 100vw, 1284px\" \/><\/p>\n<h3>SP\u00c9CIFICATIONS DU CARTON<\/h3>\n<p><img decoding=\"async\" class=\"alignnone wp-image-700 size-full\" src=\"https:\/\/leowaterpump.com\/wp-content\/uploads\/2025\/09\/image-38.png\" alt=\"\" width=\"844\" height=\"190\" title=\"\" srcset=\"https:\/\/leowaterpump.com\/wp-content\/uploads\/2025\/09\/image-38.png 844w, https:\/\/leowaterpump.com\/wp-content\/uploads\/2025\/09\/image-38-300x68.png 300w, https:\/\/leowaterpump.com\/wp-content\/uploads\/2025\/09\/image-38-768x173.png 768w, https:\/\/leowaterpump.com\/wp-content\/uploads\/2025\/09\/image-38-600x135.png 600w\" sizes=\"(max-width: 844px) 100vw, 844px\" \/><\/p>\n<p><img decoding=\"async\" class=\"alignnone wp-image-701 size-full\" src=\"https:\/\/leowaterpump.com\/wp-content\/uploads\/2025\/09\/image-39.png\" alt=\"\" width=\"624\" height=\"454\" title=\"\" srcset=\"https:\/\/leowaterpump.com\/wp-content\/uploads\/2025\/09\/image-39.png 624w, https:\/\/leowaterpump.com\/wp-content\/uploads\/2025\/09\/image-39-300x218.png 300w, https:\/\/leowaterpump.com\/wp-content\/uploads\/2025\/09\/image-39-600x437.png 600w\" sizes=\"(max-width: 624px) 100vw, 624px\" \/><\/p>\n","protected":false},"excerpt":{"rendered":"<h3>APPLICATIONS<\/h3>\n<p>Id\u00e9al pour l\u2019\u00e9limination de l\u2019eau et des effluents de volume moyen \u00e0 \u00e9lev\u00e9 dans les espaces r\u00e9sidentiels tels que les sous-sols, les buanderies et les vides sanitaires.<\/p>\n<h3>CARACT\u00c9RISTIQUES ET AVANTAGES<\/h3>\n<ul>\n<li>Conception d\u2019aspiration par le bas<\/li>\n<li>Remplace facilement toutes les pompes \u00e0 flotteur \u00e0 interrupteur instantan\u00e9 de qualit\u00e9 professionnelle, attach\u00e9es ou int\u00e9gr\u00e9es,<\/li>\n<li>Interrupteur \u00e0 flotteur \u00e0 action brusque pour un fonctionnement automatique<\/li>\n<li>Moteur \u00e0 capacit\u00e9 divis\u00e9e permanente<\/li>\n<li>Moteur \u00e0 condensateur fendu permanent rempli d\u2019huile et protecteur automatique contre les surcharges thermiques int\u00e9gr\u00e9<\/li>\n<li>Fonctionne avec un interrupteur \u00e0 flotteur \u00e0 action brusque, un interrupteur \u00e0 flotteur attach\u00e9 pour un fonctionnement automatique  <\/li>\n<li>Application avec des solides jusqu\u2019\u00e0 3\/8&Prime; de diam\u00e8tre<\/li>\n<li>D\u00e9charge NPT de 1-1\/2&Prime;<\/li>\n<\/ul>\n","protected":false},"featured_media":818,"template":"","meta":[],"product_brand":[],"product_cat":[211,204,181],"product_tag":[],"class_list":{"0":"post-1270","1":"product","2":"type-product","3":"status-publish","4":"has-post-thumbnail","6":"product_cat-pompe-a-effluent-thermoplastique","7":"product_cat-pompe-deffluent","8":"product_cat-pompes-domestiques","10":"first","11":"instock","12":"shipping-taxable","13":"product-type-simple"},"_links":{"self":[{"href":"https:\/\/leowaterpump.com\/fr\/wp-json\/wp\/v2\/product\/1270","targetHints":{"allow":["GET"]}}],"collection":[{"href":"https:\/\/leowaterpump.com\/fr\/wp-json\/wp\/v2\/product"}],"about":[{"href":"https:\/\/leowaterpump.com\/fr\/wp-json\/wp\/v2\/types\/product"}],"wp:featuredmedia":[{"embeddable":true,"href":"https:\/\/leowaterpump.com\/fr\/wp-json\/wp\/v2\/media\/818"}],"wp:attachment":[{"href":"https:\/\/leowaterpump.com\/fr\/wp-json\/wp\/v2\/media?parent=1270"}],"wp:term":[{"taxonomy":"product_brand","embeddable":true,"href":"https:\/\/leowaterpump.com\/fr\/wp-json\/wp\/v2\/product_brand?post=1270"},{"taxonomy":"product_cat","embeddable":true,"href":"https:\/\/leowaterpump.com\/fr\/wp-json\/wp\/v2\/product_cat?post=1270"},{"taxonomy":"product_tag","embeddable":true,"href":"https:\/\/leowaterpump.com\/fr\/wp-json\/wp\/v2\/product_tag?post=1270"}],"curies":[{"name":"wp","href":"https:\/\/api.w.org\/{rel}","templated":true}]}}