{"id":1269,"date":"2025-09-29T10:51:50","date_gmt":"2025-09-29T02:51:50","guid":{"rendered":"https:\/\/leowaterpump.com\/product\/pompe-de-piscine-2\/"},"modified":"2025-09-29T10:51:50","modified_gmt":"2025-09-29T02:51:50","slug":"pompe-de-piscine-2","status":"publish","type":"product","link":"https:\/\/leowaterpump.com\/fr\/produit\/pompe-de-piscine-2\/","title":{"rendered":"Pompe de piscine"},"content":{"rendered":"<h3><img fetchpriority=\"high\" decoding=\"async\" class=\"alignnone wp-image-860 size-full\" src=\"https:\/\/leowaterpump.com\/wp-content\/uploads\/2025\/09\/image-136.png\" alt=\"\" width=\"1174\" height=\"175\" title=\"\" srcset=\"https:\/\/leowaterpump.com\/wp-content\/uploads\/2025\/09\/image-136.png 1174w, https:\/\/leowaterpump.com\/wp-content\/uploads\/2025\/09\/image-136-300x45.png 300w, https:\/\/leowaterpump.com\/wp-content\/uploads\/2025\/09\/image-136-1024x153.png 1024w, https:\/\/leowaterpump.com\/wp-content\/uploads\/2025\/09\/image-136-768x114.png 768w, https:\/\/leowaterpump.com\/wp-content\/uploads\/2025\/09\/image-136-600x89.png 600w\" sizes=\"(max-width: 1174px) 100vw, 1174px\" \/><\/h3>\n<h3>SP\u00c9CIFICATIONS DU CARTON<\/h3>\n<h3><img decoding=\"async\" class=\"alignnone wp-image-859 size-full\" style=\"font-size: 16px\" src=\"https:\/\/leowaterpump.com\/wp-content\/uploads\/2025\/09\/image-135.png\" alt=\"\" width=\"774\" height=\"126\" title=\"\" srcset=\"https:\/\/leowaterpump.com\/wp-content\/uploads\/2025\/09\/image-135.png 774w, https:\/\/leowaterpump.com\/wp-content\/uploads\/2025\/09\/image-135-300x49.png 300w, https:\/\/leowaterpump.com\/wp-content\/uploads\/2025\/09\/image-135-768x125.png 768w, https:\/\/leowaterpump.com\/wp-content\/uploads\/2025\/09\/image-135-600x98.png 600w\" sizes=\"(max-width: 774px) 100vw, 774px\" \/><\/h3>\n<\/p>\n<p><img decoding=\"async\" class=\"alignnone wp-image-861 size-full\" src=\"https:\/\/leowaterpump.com\/wp-content\/uploads\/2025\/09\/image-137.png\" alt=\"\" width=\"763\" height=\"563\" title=\"\" srcset=\"https:\/\/leowaterpump.com\/wp-content\/uploads\/2025\/09\/image-137.png 763w, https:\/\/leowaterpump.com\/wp-content\/uploads\/2025\/09\/image-137-300x221.png 300w, https:\/\/leowaterpump.com\/wp-content\/uploads\/2025\/09\/image-137-600x443.png 600w\" sizes=\"(max-width: 763px) 100vw, 763px\" \/><\/p>\n","protected":false},"excerpt":{"rendered":"<h3>APPLICATIONS<\/h3>\n<p>Il est utilis\u00e9 pour la circulation de l\u2019eau dans toutes sortes de petites piscines domestiques. L\u2019eau l\u00e9g\u00e8rement sale avec des solides en suspension peut \u00eatre parfaitement filtr\u00e9e. <\/p>\n<h3>CARACT\u00c9RISTIQUES ET AVANTAGES<\/h3>\n<ul>\n<li>Le moteur est totalement r\u00e9sistant \u00e0 la pluie, s\u00fbr et fiable<\/li>\n<li>Protecteur de surcharge thermique<\/li>\n<li>Classe d\u2019isolation&nbsp;:F<\/li>\n<li>Classe de protection&nbsp;: IPX5<\/li>\n<li>Le moteur permet \u00e0 S1 de fonctionner en continu<\/li>\n<li>La conception du couvercle du bo\u00eetier peut \u00eatre d\u00e9mont\u00e9e facilement<\/li>\n<li>Volume de panier de grande capacit\u00e9<\/li>\n<li>Con\u00e7u pour g\u00e9rer les produits chimiques de piscine<\/li>\n<li>Les pi\u00e8ces humides de la pompe sont renforc\u00e9es par des plastiques techniques<\/li>\n<li>Bouchons de vidange de pompe \u00e0 eau pour l\u2019installation<\/li>\n<\/ul>\n","protected":false},"featured_media":832,"template":"","meta":[],"product_brand":[],"product_cat":[210,197,181],"product_tag":[],"class_list":{"0":"post-1269","1":"product","2":"type-product","3":"status-publish","4":"has-post-thumbnail","6":"product_cat-pompe-de-piscine","8":"product_cat-pompes-domestiques","10":"first","11":"instock","12":"shipping-taxable","13":"product-type-simple"},"_links":{"self":[{"href":"https:\/\/leowaterpump.com\/fr\/wp-json\/wp\/v2\/product\/1269","targetHints":{"allow":["GET"]}}],"collection":[{"href":"https:\/\/leowaterpump.com\/fr\/wp-json\/wp\/v2\/product"}],"about":[{"href":"https:\/\/leowaterpump.com\/fr\/wp-json\/wp\/v2\/types\/product"}],"wp:featuredmedia":[{"embeddable":true,"href":"https:\/\/leowaterpump.com\/fr\/wp-json\/wp\/v2\/media\/832"}],"wp:attachment":[{"href":"https:\/\/leowaterpump.com\/fr\/wp-json\/wp\/v2\/media?parent=1269"}],"wp:term":[{"taxonomy":"product_brand","embeddable":true,"href":"https:\/\/leowaterpump.com\/fr\/wp-json\/wp\/v2\/product_brand?post=1269"},{"taxonomy":"product_cat","embeddable":true,"href":"https:\/\/leowaterpump.com\/fr\/wp-json\/wp\/v2\/product_cat?post=1269"},{"taxonomy":"product_tag","embeddable":true,"href":"https:\/\/leowaterpump.com\/fr\/wp-json\/wp\/v2\/product_tag?post=1269"}],"curies":[{"name":"wp","href":"https:\/\/api.w.org\/{rel}","templated":true}]}}