{"id":1263,"date":"2025-09-29T10:51:50","date_gmt":"2025-09-29T02:51:50","guid":{"rendered":"https:\/\/leowaterpump.com\/product\/pompe-de-puisard-en-fonte\/"},"modified":"2025-09-29T10:51:50","modified_gmt":"2025-09-29T02:51:50","slug":"pompe-de-puisard-en-fonte","status":"publish","type":"product","link":"https:\/\/leowaterpump.com\/fr\/produit\/pompe-de-puisard-en-fonte\/","title":{"rendered":"Pompe de puisard en fonte"},"content":{"rendered":"<p><img fetchpriority=\"high\" decoding=\"async\" class=\"alignnone wp-image-693 size-full\" src=\"https:\/\/leowaterpump.com\/wp-content\/uploads\/2025\/09\/image-31.png\" alt=\"\" width=\"1312\" height=\"384\" title=\"\" srcset=\"https:\/\/leowaterpump.com\/wp-content\/uploads\/2025\/09\/image-31.png 1312w, https:\/\/leowaterpump.com\/wp-content\/uploads\/2025\/09\/image-31-300x88.png 300w, https:\/\/leowaterpump.com\/wp-content\/uploads\/2025\/09\/image-31-1024x300.png 1024w, https:\/\/leowaterpump.com\/wp-content\/uploads\/2025\/09\/image-31-768x225.png 768w, https:\/\/leowaterpump.com\/wp-content\/uploads\/2025\/09\/image-31-600x176.png 600w\" sizes=\"(max-width: 1312px) 100vw, 1312px\" \/><\/p>\n<h3>SP\u00c9CIFICATIONS DU CARTON<\/h3>\n<p><img decoding=\"async\" class=\"alignnone wp-image-694 size-full\" src=\"https:\/\/leowaterpump.com\/wp-content\/uploads\/2025\/09\/image-32.png\" alt=\"\" width=\"850\" height=\"220\" title=\"\" srcset=\"https:\/\/leowaterpump.com\/wp-content\/uploads\/2025\/09\/image-32.png 850w, https:\/\/leowaterpump.com\/wp-content\/uploads\/2025\/09\/image-32-300x78.png 300w, https:\/\/leowaterpump.com\/wp-content\/uploads\/2025\/09\/image-32-768x199.png 768w, https:\/\/leowaterpump.com\/wp-content\/uploads\/2025\/09\/image-32-600x155.png 600w\" sizes=\"(max-width: 850px) 100vw, 850px\" \/><\/p>\n<p><img decoding=\"async\" class=\"alignnone wp-image-695 size-full\" src=\"https:\/\/leowaterpump.com\/wp-content\/uploads\/2025\/09\/image-33.png\" alt=\"\" width=\"636\" height=\"438\" title=\"\" srcset=\"https:\/\/leowaterpump.com\/wp-content\/uploads\/2025\/09\/image-33.png 636w, https:\/\/leowaterpump.com\/wp-content\/uploads\/2025\/09\/image-33-300x207.png 300w, https:\/\/leowaterpump.com\/wp-content\/uploads\/2025\/09\/image-33-600x413.png 600w\" sizes=\"(max-width: 636px) 100vw, 636px\" \/><\/p>\n","protected":false},"excerpt":{"rendered":"<h3>APPLICATIONS<\/h3>\n<p>Id\u00e9al pour l\u2019\u00e9limination de l\u2019eau et des effluents de volume moyen \u00e0 \u00e9lev\u00e9 dans les espaces r\u00e9sidentiels tels que les sous-sols, les buanderies et les vides sanitaires.<\/p>\n<h3>CARACT\u00c9RISTIQUES ET AVANTAGES<\/h3>\n<ul>\n<li>Conception d\u2019aspiration par le bas avec roue vortex non obstru\u00e9e<\/li>\n<li>Remplace facilement toutes les pompes \u00e0 flotteur \u00e0 action fixe ou \u00e0 action instantan\u00e9e de qualit\u00e9 professionnelle<\/li>\n<li>Quincaillerie et poign\u00e9e en acier inoxydable con\u00e7ues pour une installation facile<\/li>\n<li>Moteur \u00e0 condensateur fendu permanent rempli d\u2019huile et protecteur automatique contre les surcharges thermiques int\u00e9gr\u00e9<\/li>\n<li>10 pieds Cordon avec fiche sur monophas\u00e9 115 volts <\/li>\n<li>D\u00e9charge NPT de 1-1\/2&Prime;<\/li>\n<li>Application avec des solides jusqu\u2019\u00e0 1\/2&Prime; de diam\u00e8tre<\/li>\n<\/ul>\n","protected":false},"featured_media":814,"template":"","meta":[],"product_brand":[],"product_cat":[181],"product_tag":[],"class_list":{"0":"post-1263","1":"product","2":"type-product","3":"status-publish","4":"has-post-thumbnail","6":"product_cat-pompes-domestiques","8":"first","9":"instock","10":"shipping-taxable","11":"product-type-simple"},"_links":{"self":[{"href":"https:\/\/leowaterpump.com\/fr\/wp-json\/wp\/v2\/product\/1263","targetHints":{"allow":["GET"]}}],"collection":[{"href":"https:\/\/leowaterpump.com\/fr\/wp-json\/wp\/v2\/product"}],"about":[{"href":"https:\/\/leowaterpump.com\/fr\/wp-json\/wp\/v2\/types\/product"}],"wp:featuredmedia":[{"embeddable":true,"href":"https:\/\/leowaterpump.com\/fr\/wp-json\/wp\/v2\/media\/814"}],"wp:attachment":[{"href":"https:\/\/leowaterpump.com\/fr\/wp-json\/wp\/v2\/media?parent=1263"}],"wp:term":[{"taxonomy":"product_brand","embeddable":true,"href":"https:\/\/leowaterpump.com\/fr\/wp-json\/wp\/v2\/product_brand?post=1263"},{"taxonomy":"product_cat","embeddable":true,"href":"https:\/\/leowaterpump.com\/fr\/wp-json\/wp\/v2\/product_cat?post=1263"},{"taxonomy":"product_tag","embeddable":true,"href":"https:\/\/leowaterpump.com\/fr\/wp-json\/wp\/v2\/product_tag?post=1263"}],"curies":[{"name":"wp","href":"https:\/\/api.w.org\/{rel}","templated":true}]}}