{"id":1262,"date":"2025-09-29T10:51:51","date_gmt":"2025-09-29T02:51:51","guid":{"rendered":"https:\/\/leowaterpump.com\/product\/pompe-verticale-en-ligne\/"},"modified":"2025-09-29T10:51:51","modified_gmt":"2025-09-29T02:51:51","slug":"pompe-verticale-en-ligne","status":"publish","type":"product","link":"https:\/\/leowaterpump.com\/fr\/produit\/pompe-verticale-en-ligne\/","title":{"rendered":"Pompe verticale en ligne"},"content":{"rendered":"<h3>Tableau des mat\u00e9riaux<\/h3>\n<p><img fetchpriority=\"high\" decoding=\"async\" class=\"alignnone wp-image-640 size-full\" src=\"https:\/\/leowaterpump.com\/wp-content\/uploads\/2025\/09\/image-5.png\" alt=\"\" width=\"494\" height=\"602\" title=\"\" srcset=\"https:\/\/leowaterpump.com\/wp-content\/uploads\/2025\/09\/image-5.png 494w, https:\/\/leowaterpump.com\/wp-content\/uploads\/2025\/09\/image-5-246x300.png 246w\" sizes=\"(max-width: 494px) 100vw, 494px\" \/><\/p>\n<p><img decoding=\"async\" class=\"alignnone wp-image-641 size-full\" src=\"https:\/\/leowaterpump.com\/wp-content\/uploads\/2025\/09\/image-6.png\" alt=\"\" width=\"990\" height=\"566\" title=\"\" srcset=\"https:\/\/leowaterpump.com\/wp-content\/uploads\/2025\/09\/image-6.png 990w, https:\/\/leowaterpump.com\/wp-content\/uploads\/2025\/09\/image-6-300x172.png 300w, https:\/\/leowaterpump.com\/wp-content\/uploads\/2025\/09\/image-6-768x439.png 768w, https:\/\/leowaterpump.com\/wp-content\/uploads\/2025\/09\/image-6-600x343.png 600w\" sizes=\"(max-width: 990px) 100vw, 990px\" \/><\/p>\n","protected":false},"excerpt":{"rendered":"<h3>Applications<\/h3>\n<ul>\n<li>Syst\u00e8me CVC<\/li>\n<li>Syst\u00e8me d\u2019approvisionnement en eau : Filtration et transfert au niveau de l\u2019aqueduc ; Surpression dans le tuyau principal<\/li>\n<li>Applications industrielles : Syst\u00e8mes de lavage et de nettoyage, alimentation de chaudi\u00e8re, circulation d\u2019eau de refroidissement, syst\u00e8mes de traitement de l\u2019eau et syst\u00e8mes auxiliaires<\/li>\n<li>Syst\u00e8me de lutte contre l\u2019incendie<\/li>\n<\/ul>\n<h3>Design et structure<\/h3>\n<ul>\n<li>Normes du produit : BS EN733\/DIN24255<\/li>\n<li>Norme de bride&nbsp;: DIN2501 PN16, GB \/ T17241.6 PN16 (La bride d\u2019entr\u00e9e et de sortie pourrait \u00eatre personnalis\u00e9e selon d\u2019autres normes de bride telles que ANSI, JIS, GOST)<\/li>\n<\/ul>\n<h3>Condition de travail<\/h3>\n<ul>\n<li>Liquide propre, mince, non agressif, ininflammable, explosif et sans gaz qui ne contient pas de particules solides (taille des particules \u2264 0,2 mm) et de fibres, et le liquide ne peut pas r\u00e9agir chimiquement au mat\u00e9riau de la pompe.<\/li>\n<li>Temp\u00e9rature du liquide : -10\u00b0C ~ +110\u00b0C<\/li>\n<li>Humidit\u00e9 de l\u2019environnement : L\u2019humidit\u00e9 relative ne doit pas d\u00e9passer 95 %<\/li>\n<li>Vitesse nominale : 1750\/3500 tr\/min \u00e0 60 Hz<\/li>\n<\/ul>\n<h3>Codes d\u2019identification<\/h3>\n<p><img decoding=\"async\" class=\"alignnone wp-image-739 size-full\" src=\"https:\/\/leowaterpump.com\/wp-content\/uploads\/2025\/09\/image-77.png\" alt=\"\" width=\"646\" height=\"200\" srcset=\"https:\/\/leowaterpump.com\/wp-content\/uploads\/2025\/09\/image-77.png 646w, https:\/\/leowaterpump.com\/wp-content\/uploads\/2025\/09\/image-77-300x93.png 300w, https:\/\/leowaterpump.com\/wp-content\/uploads\/2025\/09\/image-77-600x186.png 600w\" sizes=\"(max-width: 646px) 100vw, 646px\" \/><\/p>\n","protected":false},"featured_media":794,"template":"","meta":[],"product_brand":[],"product_cat":[209,182],"product_tag":[],"class_list":{"0":"post-1262","1":"product","2":"type-product","3":"status-publish","4":"has-post-thumbnail","6":"product_cat-pompe-en-ligne","7":"product_cat-pompes-commerciales","9":"first","10":"instock","11":"shipping-taxable","12":"product-type-simple"},"_links":{"self":[{"href":"https:\/\/leowaterpump.com\/fr\/wp-json\/wp\/v2\/product\/1262","targetHints":{"allow":["GET"]}}],"collection":[{"href":"https:\/\/leowaterpump.com\/fr\/wp-json\/wp\/v2\/product"}],"about":[{"href":"https:\/\/leowaterpump.com\/fr\/wp-json\/wp\/v2\/types\/product"}],"wp:featuredmedia":[{"embeddable":true,"href":"https:\/\/leowaterpump.com\/fr\/wp-json\/wp\/v2\/media\/794"}],"wp:attachment":[{"href":"https:\/\/leowaterpump.com\/fr\/wp-json\/wp\/v2\/media?parent=1262"}],"wp:term":[{"taxonomy":"product_brand","embeddable":true,"href":"https:\/\/leowaterpump.com\/fr\/wp-json\/wp\/v2\/product_brand?post=1262"},{"taxonomy":"product_cat","embeddable":true,"href":"https:\/\/leowaterpump.com\/fr\/wp-json\/wp\/v2\/product_cat?post=1262"},{"taxonomy":"product_tag","embeddable":true,"href":"https:\/\/leowaterpump.com\/fr\/wp-json\/wp\/v2\/product_tag?post=1262"}],"curies":[{"name":"wp","href":"https:\/\/api.w.org\/{rel}","templated":true}]}}