{"id":1259,"date":"2025-09-29T10:51:51","date_gmt":"2025-09-29T02:51:51","guid":{"rendered":"https:\/\/leowaterpump.com\/product\/pompe-a-jet-convertible\/"},"modified":"2025-10-11T01:32:00","modified_gmt":"2025-10-10T17:32:00","slug":"pompe-a-jet-convertible","status":"publish","type":"product","link":"https:\/\/leowaterpump.com\/fr\/produit\/pompe-a-jet-convertible\/","title":{"rendered":"Pompe \u00e0 jet convertible"},"content":{"rendered":"<p><img fetchpriority=\"high\" decoding=\"async\" class=\"alignnone wp-image-672 size-full\" src=\"https:\/\/leowaterpump.com\/wp-content\/uploads\/2025\/09\/image-10.png\" alt=\"\" width=\"1430\" height=\"214\" title=\"\" srcset=\"https:\/\/leowaterpump.com\/wp-content\/uploads\/2025\/09\/image-10.png 1430w, https:\/\/leowaterpump.com\/wp-content\/uploads\/2025\/09\/image-10-300x45.png 300w, https:\/\/leowaterpump.com\/wp-content\/uploads\/2025\/09\/image-10-1024x153.png 1024w, https:\/\/leowaterpump.com\/wp-content\/uploads\/2025\/09\/image-10-768x115.png 768w, https:\/\/leowaterpump.com\/wp-content\/uploads\/2025\/09\/image-10-600x90.png 600w\" sizes=\"(max-width: 1430px) 100vw, 1430px\" \/><\/p>\n<h3>SP\u00c9CIFICATIONS DU CARTON<\/h3>\n<p><img decoding=\"async\" class=\"alignnone wp-image-673 size-full\" src=\"https:\/\/leowaterpump.com\/wp-content\/uploads\/2025\/09\/image-11.png\" alt=\"\" width=\"944\" height=\"212\" title=\"\" srcset=\"https:\/\/leowaterpump.com\/wp-content\/uploads\/2025\/09\/image-11.png 944w, https:\/\/leowaterpump.com\/wp-content\/uploads\/2025\/09\/image-11-300x67.png 300w, https:\/\/leowaterpump.com\/wp-content\/uploads\/2025\/09\/image-11-768x172.png 768w, https:\/\/leowaterpump.com\/wp-content\/uploads\/2025\/09\/image-11-600x135.png 600w\" sizes=\"(max-width: 944px) 100vw, 944px\" \/><\/p>\n<p><img decoding=\"async\" class=\"alignnone wp-image-674 size-full\" src=\"https:\/\/leowaterpump.com\/wp-content\/uploads\/2025\/09\/image-12.png\" alt=\"\" width=\"704\" height=\"508\" title=\"\" srcset=\"https:\/\/leowaterpump.com\/wp-content\/uploads\/2025\/09\/image-12.png 704w, https:\/\/leowaterpump.com\/wp-content\/uploads\/2025\/09\/image-12-300x216.png 300w, https:\/\/leowaterpump.com\/wp-content\/uploads\/2025\/09\/image-12-600x433.png 600w\" sizes=\"(max-width: 704px) 100vw, 704px\" \/><\/p>\n","protected":false},"excerpt":{"rendered":"<h3>APPLICATIONS<\/h3>\n<p>Id\u00e9al pour l\u2019approvisionnement en eau douce des maisons rurales et des fermes, pour une utilisation sur des applications de puits peu profonds o\u00f9 le niveau d\u2019eau est de 25 pieds ou des applications de puits profonds o\u00f9 le niveau d\u2019eau est de 60 pieds.<\/p>\n<h3>CARACT\u00c9RISTIQUES ET AVANTAGES<\/h3>\n<ul>\n<li>  Volute en fonte durable<\/li>\n<li>Protection automatique int\u00e9gr\u00e9e contre les surcharges thermiques<\/li>\n<li>Le pressostat est pr\u00e9r\u00e9gl\u00e9 \u00e0 30-50 PSI pour un fonctionnement automatique<\/li>\n<li>L\u2019injecteur est inclus pour une utilisation dans un puits profond<\/li>\n<li>Pour une utilisation dans les applications de puits peu profonds o\u00f9 le niveau d\u2019eau est de 25 pieds ou les applications de puits profonds o\u00f9 le niveau d\u2019eau est de 60 pieds<\/li>\n<\/ul>\n","protected":false},"featured_media":1261,"template":"","meta":[],"product_brand":[],"product_cat":[185,208,181],"product_tag":[],"class_list":{"0":"post-1259","1":"product","2":"type-product","3":"status-publish","4":"has-post-thumbnail","6":"product_cat-eau-propre","7":"product_cat-pompe-a-jet-convertible","8":"product_cat-pompes-domestiques","10":"first","11":"instock","12":"shipping-taxable","13":"product-type-simple"},"_links":{"self":[{"href":"https:\/\/leowaterpump.com\/fr\/wp-json\/wp\/v2\/product\/1259","targetHints":{"allow":["GET"]}}],"collection":[{"href":"https:\/\/leowaterpump.com\/fr\/wp-json\/wp\/v2\/product"}],"about":[{"href":"https:\/\/leowaterpump.com\/fr\/wp-json\/wp\/v2\/types\/product"}],"wp:featuredmedia":[{"embeddable":true,"href":"https:\/\/leowaterpump.com\/fr\/wp-json\/wp\/v2\/media\/1261"}],"wp:attachment":[{"href":"https:\/\/leowaterpump.com\/fr\/wp-json\/wp\/v2\/media?parent=1259"}],"wp:term":[{"taxonomy":"product_brand","embeddable":true,"href":"https:\/\/leowaterpump.com\/fr\/wp-json\/wp\/v2\/product_brand?post=1259"},{"taxonomy":"product_cat","embeddable":true,"href":"https:\/\/leowaterpump.com\/fr\/wp-json\/wp\/v2\/product_cat?post=1259"},{"taxonomy":"product_tag","embeddable":true,"href":"https:\/\/leowaterpump.com\/fr\/wp-json\/wp\/v2\/product_tag?post=1259"}],"curies":[{"name":"wp","href":"https:\/\/api.w.org\/{rel}","templated":true}]}}