{"id":1255,"date":"2025-09-29T10:51:50","date_gmt":"2025-09-29T02:51:50","guid":{"rendered":"https:\/\/leowaterpump.com\/product\/pompe-a-effluent-en-fonte\/"},"modified":"2025-09-29T10:51:50","modified_gmt":"2025-09-29T02:51:50","slug":"pompe-a-effluent-en-fonte","status":"publish","type":"product","link":"https:\/\/leowaterpump.com\/fr\/produit\/pompe-a-effluent-en-fonte\/","title":{"rendered":"Pompe \u00e0 effluent en fonte"},"content":{"rendered":"<p><img fetchpriority=\"high\" decoding=\"async\" class=\"alignnone wp-image-702 size-full\" src=\"https:\/\/leowaterpump.com\/wp-content\/uploads\/2025\/09\/image-40.png\" alt=\"\" width=\"1298\" height=\"278\" title=\"\" srcset=\"https:\/\/leowaterpump.com\/wp-content\/uploads\/2025\/09\/image-40.png 1298w, https:\/\/leowaterpump.com\/wp-content\/uploads\/2025\/09\/image-40-300x64.png 300w, https:\/\/leowaterpump.com\/wp-content\/uploads\/2025\/09\/image-40-1024x219.png 1024w, https:\/\/leowaterpump.com\/wp-content\/uploads\/2025\/09\/image-40-768x164.png 768w, https:\/\/leowaterpump.com\/wp-content\/uploads\/2025\/09\/image-40-600x129.png 600w\" sizes=\"(max-width: 1298px) 100vw, 1298px\" \/><\/p>\n<h3>SP\u00c9CIFICATIONS DU CARTON<\/h3>\n<p><img decoding=\"async\" class=\"alignnone wp-image-703 size-full\" src=\"https:\/\/leowaterpump.com\/wp-content\/uploads\/2025\/09\/image-41.png\" alt=\"\" width=\"856\" height=\"254\" title=\"\" srcset=\"https:\/\/leowaterpump.com\/wp-content\/uploads\/2025\/09\/image-41.png 856w, https:\/\/leowaterpump.com\/wp-content\/uploads\/2025\/09\/image-41-300x89.png 300w, https:\/\/leowaterpump.com\/wp-content\/uploads\/2025\/09\/image-41-768x228.png 768w, https:\/\/leowaterpump.com\/wp-content\/uploads\/2025\/09\/image-41-600x178.png 600w\" sizes=\"(max-width: 856px) 100vw, 856px\" \/><\/p>\n<p><img decoding=\"async\" class=\"alignnone wp-image-704 size-full\" src=\"https:\/\/leowaterpump.com\/wp-content\/uploads\/2025\/09\/image-42.png\" alt=\"\" width=\"622\" height=\"438\" title=\"\" srcset=\"https:\/\/leowaterpump.com\/wp-content\/uploads\/2025\/09\/image-42.png 622w, https:\/\/leowaterpump.com\/wp-content\/uploads\/2025\/09\/image-42-300x211.png 300w, https:\/\/leowaterpump.com\/wp-content\/uploads\/2025\/09\/image-42-600x423.png 600w\" sizes=\"(max-width: 622px) 100vw, 622px\" \/><\/p>\n","protected":false},"excerpt":{"rendered":"<h3>APPLICATIONS<\/h3>\n<p>Id\u00e9al pour l\u2019\u00e9limination de l\u2019eau et des effluents de volume moyen \u00e0 \u00e9lev\u00e9 dans les espaces r\u00e9sidentiels tels que les sous-sols, les buanderies et les vides sanitaires.<\/p>\n<h3>CARACT\u00c9RISTIQUES ET AVANTAGES<\/h3>\n<ul>\n<li>Conception d\u2019aspiration par le bas avec roue en fonte vortex non obstru\u00e9e<\/li>\n<li>Remplace facilement toutes les pompes \u00e0 flotteur \u00e0 interrupteur \u00e0 flotteur de qualit\u00e9 professionnelle, attach\u00e9es ou int\u00e9gr\u00e9es,<\/li>\n<li>Passe les solides de 3\/4 de diam\u00e8tre<\/li>\n<li>Quincaillerie et poign\u00e9e en acier inoxydable con\u00e7ues pour une installation facile<\/li>\n<li>Moteur \u00e0 condensateur fendu permanent rempli d\u2019huile et protecteur automatique contre les surcharges thermiques int\u00e9gr\u00e9<\/li>\n<li>10 pieds Cordon avec fiche sur monophas\u00e9 115 volts   <\/li>\n<li>D\u00e9charge NPT de 1-1\/2&Prime;<\/li>\n<\/ul>\n","protected":false},"featured_media":819,"template":"","meta":[],"product_brand":[],"product_cat":[207,204,181],"product_tag":[],"class_list":{"0":"post-1255","1":"product","2":"type-product","3":"status-publish","4":"has-post-thumbnail","6":"product_cat-pompe-a-effluent-en-fonte","7":"product_cat-pompe-deffluent","8":"product_cat-pompes-domestiques","10":"first","11":"instock","12":"shipping-taxable","13":"product-type-simple"},"_links":{"self":[{"href":"https:\/\/leowaterpump.com\/fr\/wp-json\/wp\/v2\/product\/1255","targetHints":{"allow":["GET"]}}],"collection":[{"href":"https:\/\/leowaterpump.com\/fr\/wp-json\/wp\/v2\/product"}],"about":[{"href":"https:\/\/leowaterpump.com\/fr\/wp-json\/wp\/v2\/types\/product"}],"wp:featuredmedia":[{"embeddable":true,"href":"https:\/\/leowaterpump.com\/fr\/wp-json\/wp\/v2\/media\/819"}],"wp:attachment":[{"href":"https:\/\/leowaterpump.com\/fr\/wp-json\/wp\/v2\/media?parent=1255"}],"wp:term":[{"taxonomy":"product_brand","embeddable":true,"href":"https:\/\/leowaterpump.com\/fr\/wp-json\/wp\/v2\/product_brand?post=1255"},{"taxonomy":"product_cat","embeddable":true,"href":"https:\/\/leowaterpump.com\/fr\/wp-json\/wp\/v2\/product_cat?post=1255"},{"taxonomy":"product_tag","embeddable":true,"href":"https:\/\/leowaterpump.com\/fr\/wp-json\/wp\/v2\/product_tag?post=1255"}],"curies":[{"name":"wp","href":"https:\/\/api.w.org\/{rel}","templated":true}]}}