{"id":1250,"date":"2025-09-29T10:51:50","date_gmt":"2025-09-29T02:51:50","guid":{"rendered":"https:\/\/leowaterpump.com\/product\/pompe-de-puisard-thermoplastique\/"},"modified":"2025-09-29T10:51:50","modified_gmt":"2025-09-29T02:51:50","slug":"pompe-de-puisard-thermoplastique","status":"publish","type":"product","link":"https:\/\/leowaterpump.com\/fr\/produit\/pompe-de-puisard-thermoplastique\/","title":{"rendered":"Pompe de puisard thermoplastique"},"content":{"rendered":"<p><img fetchpriority=\"high\" decoding=\"async\" class=\"alignnone wp-image-687 size-full\" src=\"https:\/\/leowaterpump.com\/wp-content\/uploads\/2025\/09\/image-25.png\" alt=\"\" width=\"984\" height=\"200\" title=\"\" srcset=\"https:\/\/leowaterpump.com\/wp-content\/uploads\/2025\/09\/image-25.png 984w, https:\/\/leowaterpump.com\/wp-content\/uploads\/2025\/09\/image-25-300x61.png 300w, https:\/\/leowaterpump.com\/wp-content\/uploads\/2025\/09\/image-25-768x156.png 768w, https:\/\/leowaterpump.com\/wp-content\/uploads\/2025\/09\/image-25-600x122.png 600w\" sizes=\"(max-width: 984px) 100vw, 984px\" \/><\/p>\n<h3>SP\u00c9CIFICATIONS DU CARTON<\/h3>\n<p><img decoding=\"async\" class=\"alignnone wp-image-688 size-full\" src=\"https:\/\/leowaterpump.com\/wp-content\/uploads\/2025\/09\/image-26.png\" alt=\"\" width=\"644\" height=\"166\" title=\"\" srcset=\"https:\/\/leowaterpump.com\/wp-content\/uploads\/2025\/09\/image-26.png 644w, https:\/\/leowaterpump.com\/wp-content\/uploads\/2025\/09\/image-26-300x77.png 300w, https:\/\/leowaterpump.com\/wp-content\/uploads\/2025\/09\/image-26-600x155.png 600w\" sizes=\"(max-width: 644px) 100vw, 644px\" \/><\/p>\n<p><img decoding=\"async\" class=\"alignnone wp-image-689 size-full\" src=\"https:\/\/leowaterpump.com\/wp-content\/uploads\/2025\/09\/image-27.png\" alt=\"\" width=\"474\" height=\"332\" title=\"\" srcset=\"https:\/\/leowaterpump.com\/wp-content\/uploads\/2025\/09\/image-27.png 474w, https:\/\/leowaterpump.com\/wp-content\/uploads\/2025\/09\/image-27-300x210.png 300w\" sizes=\"(max-width: 474px) 100vw, 474px\" \/><\/p>\n","protected":false},"excerpt":{"rendered":"<h3>APPLICATIONS<\/h3>\n<p>Id\u00e9al pour l\u2019\u00e9vacuation de l\u2019eau l\u00e9g\u00e8re \u00e0 \u00e9lev\u00e9e dans les espaces r\u00e9sidentiels tels que les sous-sols et les vides sanitaires.<\/p>\n<h3>CARACT\u00c9RISTIQUES ET AVANTAGES<\/h3>\n<ul>\n<li>La conception d\u2019aspiration par le haut permet d\u2019\u00e9liminer les sas d\u2019air et de filtrer les d\u00e9bris<\/li>\n<li>Interrupteur \u00e0 flotteur captif ou vertical pour un fonctionnement automatique.<\/li>\n<li>Poign\u00e9e d\u2019acc\u00e8s facile con\u00e7ue pour une portabilit\u00e9 facile<\/li>\n<li>Construction thermoplastique renforc\u00e9e r\u00e9sistante \u00e0 la corrosion<\/li>\n<li>Moteur \u00e0 condensateur fendu permanent rempli d\u2019huile et protecteur automatique contre les surcharges thermiques int\u00e9gr\u00e9<\/li>\n<li>Pour une utilisation dans des bassins de puisard de 14 po de diam\u00e8tre ou plus<\/li>\n<\/ul>\n","protected":false},"featured_media":809,"template":"","meta":[],"product_brand":[],"product_cat":[199,205,181],"product_tag":[],"class_list":{"0":"post-1250","1":"product","2":"type-product","3":"status-publish","4":"has-post-thumbnail","6":"product_cat-pompe-de-puisard","7":"product_cat-pompe-de-puisard-thermoplastique","8":"product_cat-pompes-domestiques","10":"first","11":"instock","12":"shipping-taxable","13":"product-type-simple"},"_links":{"self":[{"href":"https:\/\/leowaterpump.com\/fr\/wp-json\/wp\/v2\/product\/1250","targetHints":{"allow":["GET"]}}],"collection":[{"href":"https:\/\/leowaterpump.com\/fr\/wp-json\/wp\/v2\/product"}],"about":[{"href":"https:\/\/leowaterpump.com\/fr\/wp-json\/wp\/v2\/types\/product"}],"wp:featuredmedia":[{"embeddable":true,"href":"https:\/\/leowaterpump.com\/fr\/wp-json\/wp\/v2\/media\/809"}],"wp:attachment":[{"href":"https:\/\/leowaterpump.com\/fr\/wp-json\/wp\/v2\/media?parent=1250"}],"wp:term":[{"taxonomy":"product_brand","embeddable":true,"href":"https:\/\/leowaterpump.com\/fr\/wp-json\/wp\/v2\/product_brand?post=1250"},{"taxonomy":"product_cat","embeddable":true,"href":"https:\/\/leowaterpump.com\/fr\/wp-json\/wp\/v2\/product_cat?post=1250"},{"taxonomy":"product_tag","embeddable":true,"href":"https:\/\/leowaterpump.com\/fr\/wp-json\/wp\/v2\/product_tag?post=1250"}],"curies":[{"name":"wp","href":"https:\/\/api.w.org\/{rel}","templated":true}]}}