{"id":1245,"date":"2025-09-29T10:51:50","date_gmt":"2025-09-29T02:51:50","guid":{"rendered":"https:\/\/leowaterpump.com\/product\/pompe-a-eaux-usees-en-fonte\/"},"modified":"2025-09-29T10:51:50","modified_gmt":"2025-09-29T02:51:50","slug":"pompe-a-eaux-usees-en-fonte","status":"publish","type":"product","link":"https:\/\/leowaterpump.com\/fr\/produit\/pompe-a-eaux-usees-en-fonte\/","title":{"rendered":"Pompe \u00e0 eaux us\u00e9es en fonte"},"content":{"rendered":"<p><img fetchpriority=\"high\" decoding=\"async\" class=\"alignnone wp-image-708 size-full\" src=\"https:\/\/leowaterpump.com\/wp-content\/uploads\/2025\/09\/image-46.png\" alt=\"\" width=\"1286\" height=\"228\" title=\"\" srcset=\"https:\/\/leowaterpump.com\/wp-content\/uploads\/2025\/09\/image-46.png 1286w, https:\/\/leowaterpump.com\/wp-content\/uploads\/2025\/09\/image-46-300x53.png 300w, https:\/\/leowaterpump.com\/wp-content\/uploads\/2025\/09\/image-46-1024x182.png 1024w, https:\/\/leowaterpump.com\/wp-content\/uploads\/2025\/09\/image-46-768x136.png 768w, https:\/\/leowaterpump.com\/wp-content\/uploads\/2025\/09\/image-46-600x106.png 600w\" sizes=\"(max-width: 1286px) 100vw, 1286px\" \/><\/p>\n<h3>SP\u00c9CIFICATIONS DU CARTON<\/h3>\n<p><img decoding=\"async\" class=\"alignnone wp-image-709 size-full\" src=\"https:\/\/leowaterpump.com\/wp-content\/uploads\/2025\/09\/image-47.png\" alt=\"\" width=\"850\" height=\"196\" title=\"\" srcset=\"https:\/\/leowaterpump.com\/wp-content\/uploads\/2025\/09\/image-47.png 850w, https:\/\/leowaterpump.com\/wp-content\/uploads\/2025\/09\/image-47-300x69.png 300w, https:\/\/leowaterpump.com\/wp-content\/uploads\/2025\/09\/image-47-768x177.png 768w, https:\/\/leowaterpump.com\/wp-content\/uploads\/2025\/09\/image-47-600x138.png 600w\" sizes=\"(max-width: 850px) 100vw, 850px\" \/><\/p>\n<p><img decoding=\"async\" class=\"alignnone wp-image-710 size-full\" src=\"https:\/\/leowaterpump.com\/wp-content\/uploads\/2025\/09\/image-48.png\" alt=\"\" width=\"622\" height=\"442\" title=\"\" srcset=\"https:\/\/leowaterpump.com\/wp-content\/uploads\/2025\/09\/image-48.png 622w, https:\/\/leowaterpump.com\/wp-content\/uploads\/2025\/09\/image-48-300x213.png 300w, https:\/\/leowaterpump.com\/wp-content\/uploads\/2025\/09\/image-48-600x426.png 600w\" sizes=\"(max-width: 622px) 100vw, 622px\" \/><\/p>\n","protected":false},"excerpt":{"rendered":"<h3>APPLICATIONS<\/h3>\n<p>  Id\u00e9al pour les applications d\u2019\u00e9limination des eaux us\u00e9es brutes \u00e0 grand volume.<\/p>\n<h3>CARACT\u00c9RISTIQUES ET AVANTAGES<\/h3>\n<ul>\n<li>Construction en fonte durable<\/li>\n<li>Roue votex en plastique anti-obstruction<\/li>\n<li>Moteur \u00e0 condensateur fendu permanent rempli d\u2019huile et protecteur automatique contre les surcharges thermiques int\u00e9gr\u00e9<\/li>\n<li>Fonctionne avec un interrupteur \u00e0 flotteur attach\u00e9 de 10 pi pour un fonctionnement automatique<\/li>\n<li>Application avec des solides jusqu\u2019\u00e0 2&Prime; de diam\u00e8tre<\/li>\n<li>Id\u00e9al pour les sous-sols ou les installations sous le niveau du sol<\/li>\n<li>D\u00e9charge NPT de 2 po capable de traiter des solides jusqu\u2019\u00e0 2 po de diam\u00e8tre<\/li>\n<\/ul>\n","protected":false},"featured_media":822,"template":"","meta":[],"product_brand":[],"product_cat":[190,203,181],"product_tag":[],"class_list":{"0":"post-1245","1":"product","2":"type-product","3":"status-publish","4":"has-post-thumbnail","6":"product_cat-pompe-a-eaux-usees","7":"product_cat-pompe-a-eaux-usees-en-fonte","8":"product_cat-pompes-domestiques","10":"first","11":"instock","12":"shipping-taxable","13":"product-type-simple"},"_links":{"self":[{"href":"https:\/\/leowaterpump.com\/fr\/wp-json\/wp\/v2\/product\/1245","targetHints":{"allow":["GET"]}}],"collection":[{"href":"https:\/\/leowaterpump.com\/fr\/wp-json\/wp\/v2\/product"}],"about":[{"href":"https:\/\/leowaterpump.com\/fr\/wp-json\/wp\/v2\/types\/product"}],"wp:featuredmedia":[{"embeddable":true,"href":"https:\/\/leowaterpump.com\/fr\/wp-json\/wp\/v2\/media\/822"}],"wp:attachment":[{"href":"https:\/\/leowaterpump.com\/fr\/wp-json\/wp\/v2\/media?parent=1245"}],"wp:term":[{"taxonomy":"product_brand","embeddable":true,"href":"https:\/\/leowaterpump.com\/fr\/wp-json\/wp\/v2\/product_brand?post=1245"},{"taxonomy":"product_cat","embeddable":true,"href":"https:\/\/leowaterpump.com\/fr\/wp-json\/wp\/v2\/product_cat?post=1245"},{"taxonomy":"product_tag","embeddable":true,"href":"https:\/\/leowaterpump.com\/fr\/wp-json\/wp\/v2\/product_tag?post=1245"}],"curies":[{"name":"wp","href":"https:\/\/api.w.org\/{rel}","templated":true}]}}