{"id":1236,"date":"2025-09-29T10:51:50","date_gmt":"2025-09-29T02:51:50","guid":{"rendered":"https:\/\/leowaterpump.com\/product\/pompe-de-couverture-de-piscine\/"},"modified":"2025-09-29T10:51:50","modified_gmt":"2025-09-29T02:51:50","slug":"pompe-de-couverture-de-piscine","status":"publish","type":"product","link":"https:\/\/leowaterpump.com\/fr\/produit\/pompe-de-couverture-de-piscine\/","title":{"rendered":"Pompe de couverture de piscine"},"content":{"rendered":"<p><img fetchpriority=\"high\" decoding=\"async\" class=\"alignnone wp-image-727 size-full\" src=\"https:\/\/leowaterpump.com\/wp-content\/uploads\/2025\/09\/image-65.png\" alt=\"\" width=\"1278\" height=\"174\" title=\"\" srcset=\"https:\/\/leowaterpump.com\/wp-content\/uploads\/2025\/09\/image-65.png 1278w, https:\/\/leowaterpump.com\/wp-content\/uploads\/2025\/09\/image-65-300x41.png 300w, https:\/\/leowaterpump.com\/wp-content\/uploads\/2025\/09\/image-65-1024x139.png 1024w, https:\/\/leowaterpump.com\/wp-content\/uploads\/2025\/09\/image-65-768x105.png 768w, https:\/\/leowaterpump.com\/wp-content\/uploads\/2025\/09\/image-65-600x82.png 600w\" sizes=\"(max-width: 1278px) 100vw, 1278px\" \/><\/p>\n<h3>SP\u00c9CIFICATIONS DU CARTON<\/h3>\n<p><img decoding=\"async\" class=\"alignnone wp-image-728 size-full\" src=\"https:\/\/leowaterpump.com\/wp-content\/uploads\/2025\/09\/image-66.png\" alt=\"\" width=\"842\" height=\"126\" title=\"\" srcset=\"https:\/\/leowaterpump.com\/wp-content\/uploads\/2025\/09\/image-66.png 842w, https:\/\/leowaterpump.com\/wp-content\/uploads\/2025\/09\/image-66-300x45.png 300w, https:\/\/leowaterpump.com\/wp-content\/uploads\/2025\/09\/image-66-768x115.png 768w, https:\/\/leowaterpump.com\/wp-content\/uploads\/2025\/09\/image-66-600x90.png 600w\" sizes=\"(max-width: 842px) 100vw, 842px\" \/><\/p>\n<p><img decoding=\"async\" class=\"alignnone wp-image-729 size-full\" src=\"https:\/\/leowaterpump.com\/wp-content\/uploads\/2025\/09\/image-67.png\" alt=\"\" width=\"570\" height=\"446\" title=\"\" srcset=\"https:\/\/leowaterpump.com\/wp-content\/uploads\/2025\/09\/image-67.png 570w, https:\/\/leowaterpump.com\/wp-content\/uploads\/2025\/09\/image-67-300x235.png 300w\" sizes=\"(max-width: 570px) 100vw, 570px\" \/><\/p>\n","protected":false},"excerpt":{"rendered":"<h3>APPLICATIONS<\/h3>\n<p>Convient pour certaines petites piscines, piscines de baignade, petits syst\u00e8mes d\u2019approvisionnement en eau et de soutien, l\u2019aquaculture et d\u2019autres sc\u00e8nes.<\/p>\n<h3>CARACT\u00c9RISTIQUES ET AVANTAGES<\/h3>\n<ul>\n<li>Poign\u00e9e d\u2019acc\u00e8s facile con\u00e7ue pour une portabilit\u00e9 facile<\/li>\n<li>Construction thermoplastique renforc\u00e9e r\u00e9sistante \u00e0 la corrosion<\/li>\n<li>La conception d\u2019aspiration par le bas filtre les d\u00e9bris et \u00e9vacue l\u2019eau jusqu\u2019\u00e0 3\/4 po<\/li>\n<li>Pas de conception d\u2019huile, sans danger pour la vie aquatique et protecteur de surcharge thermique automatique int\u00e9gr\u00e9  <\/li>\n<li>Le capteur \u00e9lectronique intelligent pour un fonctionnement automatique s\u2019allume lorsque de l\u2019eau a \u00e9t\u00e9 d\u00e9tect\u00e9e \u00e0 2,5&Prime;<\/li>\n<li>Cordon d\u2019alimentation de 25 pieds avec prise prot\u00e9g\u00e9e GFCI (inclus sur le march\u00e9 canadien)<\/li>\n<li>Refoulement NPT 1-1\/4&nbsp;\u00bb avec adaptateur de clapet anti-retour 3\/4&nbsp;\u00bb inclus<\/li>\n<li>La GFCI est facultative<\/li>\n<\/ul>\n","protected":false},"featured_media":830,"template":"","meta":[],"product_brand":[],"product_cat":[201,197,181],"product_tag":[],"class_list":{"0":"post-1236","1":"product","2":"type-product","3":"status-publish","4":"has-post-thumbnail","6":"product_cat-pompe-de-couverture-de-piscine","7":"product_cat-pompe-de-piscine","8":"product_cat-pompes-domestiques","10":"first","11":"instock","12":"shipping-taxable","13":"product-type-simple"},"_links":{"self":[{"href":"https:\/\/leowaterpump.com\/fr\/wp-json\/wp\/v2\/product\/1236","targetHints":{"allow":["GET"]}}],"collection":[{"href":"https:\/\/leowaterpump.com\/fr\/wp-json\/wp\/v2\/product"}],"about":[{"href":"https:\/\/leowaterpump.com\/fr\/wp-json\/wp\/v2\/types\/product"}],"wp:featuredmedia":[{"embeddable":true,"href":"https:\/\/leowaterpump.com\/fr\/wp-json\/wp\/v2\/media\/830"}],"wp:attachment":[{"href":"https:\/\/leowaterpump.com\/fr\/wp-json\/wp\/v2\/media?parent=1236"}],"wp:term":[{"taxonomy":"product_brand","embeddable":true,"href":"https:\/\/leowaterpump.com\/fr\/wp-json\/wp\/v2\/product_brand?post=1236"},{"taxonomy":"product_cat","embeddable":true,"href":"https:\/\/leowaterpump.com\/fr\/wp-json\/wp\/v2\/product_cat?post=1236"},{"taxonomy":"product_tag","embeddable":true,"href":"https:\/\/leowaterpump.com\/fr\/wp-json\/wp\/v2\/product_tag?post=1236"}],"curies":[{"name":"wp","href":"https:\/\/api.w.org\/{rel}","templated":true}]}}