{"id":1231,"date":"2025-09-29T10:51:50","date_gmt":"2025-09-29T02:51:50","guid":{"rendered":"https:\/\/leowaterpump.com\/product\/pompe-submersible-pour-eaux-usees\/"},"modified":"2025-09-29T10:51:50","modified_gmt":"2025-09-29T02:51:50","slug":"pompe-submersible-pour-eaux-usees","status":"publish","type":"product","link":"https:\/\/leowaterpump.com\/fr\/produit\/pompe-submersible-pour-eaux-usees\/","title":{"rendered":"Pompe submersible pour eaux us\u00e9es"},"content":{"rendered":"<h3>Tableau des mat\u00e9riaux<\/h3>\n<p><img fetchpriority=\"high\" decoding=\"async\" class=\"alignnone wp-image-776 size-full\" src=\"https:\/\/leowaterpump.com\/wp-content\/uploads\/2025\/09\/image-114.png\" alt=\"\" width=\"1842\" height=\"1124\" title=\"\" srcset=\"https:\/\/leowaterpump.com\/wp-content\/uploads\/2025\/09\/image-114.png 1842w, https:\/\/leowaterpump.com\/wp-content\/uploads\/2025\/09\/image-114-300x183.png 300w, https:\/\/leowaterpump.com\/wp-content\/uploads\/2025\/09\/image-114-1024x625.png 1024w, https:\/\/leowaterpump.com\/wp-content\/uploads\/2025\/09\/image-114-768x469.png 768w, https:\/\/leowaterpump.com\/wp-content\/uploads\/2025\/09\/image-114-1536x937.png 1536w, https:\/\/leowaterpump.com\/wp-content\/uploads\/2025\/09\/image-114-600x366.png 600w\" sizes=\"(max-width: 1842px) 100vw, 1842px\" \/><\/p>\n<p><img decoding=\"async\" class=\"alignnone wp-image-775 size-full\" src=\"https:\/\/leowaterpump.com\/wp-content\/uploads\/2025\/09\/image-113.png\" alt=\"\" width=\"816\" height=\"1204\" title=\"\" srcset=\"https:\/\/leowaterpump.com\/wp-content\/uploads\/2025\/09\/image-113.png 816w, https:\/\/leowaterpump.com\/wp-content\/uploads\/2025\/09\/image-113-203x300.png 203w, https:\/\/leowaterpump.com\/wp-content\/uploads\/2025\/09\/image-113-694x1024.png 694w, https:\/\/leowaterpump.com\/wp-content\/uploads\/2025\/09\/image-113-768x1133.png 768w, https:\/\/leowaterpump.com\/wp-content\/uploads\/2025\/09\/image-113-600x885.png 600w\" sizes=\"(max-width: 816px) 100vw, 816px\" \/><\/p>\n","protected":false},"excerpt":{"rendered":"<h3>Application<\/h3>\n<ul>\n<li>Drainage des eaux us\u00e9es dans les usines, les chantiers de construction et les installations commerciales<\/li>\n<li>Syst\u00e8me de drainage dans les stations d\u2019\u00e9puration municipales<\/li>\n<li>Station de drainage dans les quartiers r\u00e9sidentiels<\/li>\n<li>Projets municipaux<\/li>\n<li>Piscines de m\u00e9thane et irrigation des champs \u00e0 la campagne<\/li>\n<\/ul>\n<h3>Pompe<\/h3>\n<ul>\n<li>Max. Profondeur d\u2019immersion : 10 m<\/li>\n<li>0,25-4 kW, corps de pompe standard PN6 avec raccord de tuyau 5,5-7,5 kW, corps de pompe standard PN6 avec raccord de tuyau, corps de pompe PN10 en option, sans raccord de tuyau 11-22kW, corps de pompe standard PN10, sans raccord de tuyau, corps de pompe PN6 en option avec raccord de tuyau<\/li>\n<li>Peut \u00eatre \u00e9quip\u00e9 d\u2019un raccord de tuyau peut choisir un raccord \u00e0 bride<\/li>\n<li>Longueur du c\u00e2ble : 10 m (moins de 30 kW), 8 m (30 ~ 45 kW)<\/li>\n<li>Max. temp\u00e9rature du liquide : jusqu\u2019\u00e0 +40\u00b0C<\/li>\n<li>Valeur PH liquide : 4 &#8211; 10<\/li>\n<li>Densit\u00e9 max. du liquide : 1,3&#215;103 kg\/m3<\/li>\n<li>Autoris\u00e9 par le diam\u00e8tre des particules : 20 &#8211; 80 mm<\/li>\n<li>Monophas\u00e9 en option<\/li>\n<\/ul>\n<h3>Moteur<\/h3>\n<ul>\n<li>Enroulement en cuivre<\/li>\n<li>Classe d\u2019isolation : F<\/li>\n<li>Classe des bo\u00eetiers : IP68<\/li>\n<li>Protection du moteur&nbsp;: 0,25 &#8211; 4 kW (5,5 kW et plus n\u00e9cessitent une armoire de commande)<\/li>\n<li>0,25-4 kW : Connexion en \u00e9toile ; 5,5-37 kW : connexion Delta ; 45kW : Connexion \u00e9toile-triangle<\/li>\n<\/ul>\n<h3>Codes d\u2019identification<\/h3>\n<p><img decoding=\"async\" class=\"alignnone wp-image-777 size-full\" src=\"https:\/\/leowaterpump.com\/wp-content\/uploads\/2025\/09\/image-115.png\" alt=\"\" width=\"982\" height=\"512\" srcset=\"https:\/\/leowaterpump.com\/wp-content\/uploads\/2025\/09\/image-115.png 982w, https:\/\/leowaterpump.com\/wp-content\/uploads\/2025\/09\/image-115-300x156.png 300w, https:\/\/leowaterpump.com\/wp-content\/uploads\/2025\/09\/image-115-768x400.png 768w, https:\/\/leowaterpump.com\/wp-content\/uploads\/2025\/09\/image-115-600x313.png 600w\" sizes=\"(max-width: 982px) 100vw, 982px\" \/><\/p>\n","protected":false},"featured_media":779,"template":"","meta":[],"product_brand":[],"product_cat":[198,182],"product_tag":[],"class_list":{"0":"post-1231","1":"product","2":"type-product","3":"status-publish","4":"has-post-thumbnail","6":"product_cat-pompe-submersible-a-eaux-usees","7":"product_cat-pompes-commerciales","9":"first","10":"instock","11":"shipping-taxable","12":"product-type-simple"},"_links":{"self":[{"href":"https:\/\/leowaterpump.com\/fr\/wp-json\/wp\/v2\/product\/1231","targetHints":{"allow":["GET"]}}],"collection":[{"href":"https:\/\/leowaterpump.com\/fr\/wp-json\/wp\/v2\/product"}],"about":[{"href":"https:\/\/leowaterpump.com\/fr\/wp-json\/wp\/v2\/types\/product"}],"wp:featuredmedia":[{"embeddable":true,"href":"https:\/\/leowaterpump.com\/fr\/wp-json\/wp\/v2\/media\/779"}],"wp:attachment":[{"href":"https:\/\/leowaterpump.com\/fr\/wp-json\/wp\/v2\/media?parent=1231"}],"wp:term":[{"taxonomy":"product_brand","embeddable":true,"href":"https:\/\/leowaterpump.com\/fr\/wp-json\/wp\/v2\/product_brand?post=1231"},{"taxonomy":"product_cat","embeddable":true,"href":"https:\/\/leowaterpump.com\/fr\/wp-json\/wp\/v2\/product_cat?post=1231"},{"taxonomy":"product_tag","embeddable":true,"href":"https:\/\/leowaterpump.com\/fr\/wp-json\/wp\/v2\/product_tag?post=1231"}],"curies":[{"name":"wp","href":"https:\/\/api.w.org\/{rel}","templated":true}]}}