{"id":1204,"date":"2025-09-29T10:51:50","date_gmt":"2025-09-29T02:51:50","guid":{"rendered":"https:\/\/leowaterpump.com\/product\/pompe-a-eaux-usees-en-fonte-de-qualite-superieure\/"},"modified":"2025-09-29T10:51:50","modified_gmt":"2025-09-29T02:51:50","slug":"pompe-a-eaux-usees-en-fonte-de-qualite-superieure","status":"publish","type":"product","link":"https:\/\/leowaterpump.com\/fr\/produit\/pompe-a-eaux-usees-en-fonte-de-qualite-superieure\/","title":{"rendered":"Pompe \u00e0 eaux us\u00e9es en fonte de qualit\u00e9 sup\u00e9rieure"},"content":{"rendered":"<p><img fetchpriority=\"high\" decoding=\"async\" class=\"alignnone wp-image-711 size-full\" src=\"https:\/\/leowaterpump.com\/wp-content\/uploads\/2025\/09\/image-49.png\" alt=\"\" width=\"1282\" height=\"228\" title=\"\" srcset=\"https:\/\/leowaterpump.com\/wp-content\/uploads\/2025\/09\/image-49.png 1282w, https:\/\/leowaterpump.com\/wp-content\/uploads\/2025\/09\/image-49-300x53.png 300w, https:\/\/leowaterpump.com\/wp-content\/uploads\/2025\/09\/image-49-1024x182.png 1024w, https:\/\/leowaterpump.com\/wp-content\/uploads\/2025\/09\/image-49-768x137.png 768w, https:\/\/leowaterpump.com\/wp-content\/uploads\/2025\/09\/image-49-600x107.png 600w\" sizes=\"(max-width: 1282px) 100vw, 1282px\" \/><\/p>\n<h3>SP\u00c9CIFICATIONS DU CARTON<\/h3>\n<p><img decoding=\"async\" class=\"alignnone wp-image-712 size-full\" src=\"https:\/\/leowaterpump.com\/wp-content\/uploads\/2025\/09\/image-50.png\" alt=\"\" width=\"852\" height=\"202\" title=\"\" srcset=\"https:\/\/leowaterpump.com\/wp-content\/uploads\/2025\/09\/image-50.png 852w, https:\/\/leowaterpump.com\/wp-content\/uploads\/2025\/09\/image-50-300x71.png 300w, https:\/\/leowaterpump.com\/wp-content\/uploads\/2025\/09\/image-50-768x182.png 768w, https:\/\/leowaterpump.com\/wp-content\/uploads\/2025\/09\/image-50-600x142.png 600w\" sizes=\"(max-width: 852px) 100vw, 852px\" \/><\/p>\n<p><img decoding=\"async\" class=\"alignnone wp-image-713 size-full\" src=\"https:\/\/leowaterpump.com\/wp-content\/uploads\/2025\/09\/image-51.png\" alt=\"\" width=\"616\" height=\"448\" title=\"\" srcset=\"https:\/\/leowaterpump.com\/wp-content\/uploads\/2025\/09\/image-51.png 616w, https:\/\/leowaterpump.com\/wp-content\/uploads\/2025\/09\/image-51-300x218.png 300w, https:\/\/leowaterpump.com\/wp-content\/uploads\/2025\/09\/image-51-600x436.png 600w\" sizes=\"(max-width: 616px) 100vw, 616px\" \/><\/p>\n","protected":false},"excerpt":{"rendered":"<h3>APPLICATIONS<\/h3>\n<p>Id\u00e9al pour les applications d\u2019\u00e9limination des eaux us\u00e9es brutes \u00e0 grand volume.<\/p>\n<h3>CARACT\u00c9RISTIQUES ET AVANTAGES<\/h3>\n<ul>\n<li>Construction en fonte durable<\/li>\n<li>Volute et turbine en fonte robuste<\/li>\n<li>Moteur \u00e0 condensateur fendu permanent rempli d\u2019huile et protecteur automatique contre les surcharges thermiques int\u00e9gr\u00e9<\/li>\n<li>Fonctionne avec un interrupteur \u00e0 flotteur attach\u00e9 de 10 pieds pour un fonctionnement automatique<\/li>\n<li>D\u00e9charge NPT de 2 po capable de traiter des solides jusqu\u2019\u00e0 2 po de diam\u00e8tre<\/li>\n<\/ul>\n","protected":false},"featured_media":823,"template":"","meta":[],"product_brand":[],"product_cat":[190,191,181],"product_tag":[],"class_list":{"0":"post-1204","1":"product","2":"type-product","3":"status-publish","4":"has-post-thumbnail","6":"product_cat-pompe-a-eaux-usees","7":"product_cat-pompe-a-eaux-usees-en-fonte-de-qualite-superieure","8":"product_cat-pompes-domestiques","10":"first","11":"instock","12":"shipping-taxable","13":"product-type-simple"},"_links":{"self":[{"href":"https:\/\/leowaterpump.com\/fr\/wp-json\/wp\/v2\/product\/1204","targetHints":{"allow":["GET"]}}],"collection":[{"href":"https:\/\/leowaterpump.com\/fr\/wp-json\/wp\/v2\/product"}],"about":[{"href":"https:\/\/leowaterpump.com\/fr\/wp-json\/wp\/v2\/types\/product"}],"wp:featuredmedia":[{"embeddable":true,"href":"https:\/\/leowaterpump.com\/fr\/wp-json\/wp\/v2\/media\/823"}],"wp:attachment":[{"href":"https:\/\/leowaterpump.com\/fr\/wp-json\/wp\/v2\/media?parent=1204"}],"wp:term":[{"taxonomy":"product_brand","embeddable":true,"href":"https:\/\/leowaterpump.com\/fr\/wp-json\/wp\/v2\/product_brand?post=1204"},{"taxonomy":"product_cat","embeddable":true,"href":"https:\/\/leowaterpump.com\/fr\/wp-json\/wp\/v2\/product_cat?post=1204"},{"taxonomy":"product_tag","embeddable":true,"href":"https:\/\/leowaterpump.com\/fr\/wp-json\/wp\/v2\/product_tag?post=1204"}],"curies":[{"name":"wp","href":"https:\/\/api.w.org\/{rel}","templated":true}]}}