{"id":1190,"date":"2025-09-29T10:51:51","date_gmt":"2025-09-29T02:51:51","guid":{"rendered":"https:\/\/leowaterpump.com\/product\/pompe-centrifuge-standard\/"},"modified":"2025-09-29T10:51:51","modified_gmt":"2025-09-29T02:51:51","slug":"pompe-centrifuge-standard","status":"publish","type":"product","link":"https:\/\/leowaterpump.com\/fr\/produit\/pompe-centrifuge-standard\/","title":{"rendered":"Pompe centrifuge standard"},"content":{"rendered":"<h3>Caract\u00e9ristiques de construction<\/h3>\n<ul>\n<li>Pompe centrifuge \u00e0 roue unique avec admission axiale et d\u00e9charge radiale<\/li>\n<li>DN d\u2019entr\u00e9e et de sortie conform\u00e9ment aux normes EN 733 (ex DIN 24255) et UNI 7467<\/li>\n<li>Brides conformes aux normes UNI 2236 et DIN 2532 Entr\u00e9e arri\u00e8re (la roue, le moteur peuvent \u00eatre extraits sans d\u00e9connecter le corps de la pompe des tuyaux)<\/li>\n<li>Le corps de la pompe, la roue, le support sont trait\u00e9s par rev\u00eatement \u00e9lectronique pour obtenir une meilleure r\u00e9sistance \u00e0 la rouille<\/li>\n<\/ul>\n","protected":false},"excerpt":{"rendered":"<h3>Application<\/h3>\n<ul>\n<li>Circulation et transfert d\u2019eau propre et chimiquement non agressive et d\u2019autres liquides<\/li>\n<li>Approvisionnement en eau et irrigation<\/li>\n<li>Circulation de l\u2019eau dans les syst\u00e8mes de climatisation<\/li>\n<li>Syst\u00e8me de lutte contre l\u2019incendie<\/li>\n<\/ul>\n<h3>Conditions de fonctionnement<\/h3>\n<ul>\n<li>Livraison&nbsp;: jusqu\u2019\u00e0 220 m3 \/h<\/li>\n<li>Hauteur de refoulement : jusqu\u2019\u00e0 95 m<\/li>\n<li>Temp\u00e9rature du liquide : Standard -10\u00b0C \u00e0 85\u00b0C<\/li>\n<li>Pression maximale de service : 12 bar (PN12)<\/li>\n<li>Rotation dans le sens inverse des aiguilles d\u2019une montre face \u00e0 l\u2019orifice d\u2019aspiration de la pompe<\/li>\n<li>Turbine : HT200<\/li>\n<li>Garniture m\u00e9canique conforme \u00e0 la norme DIN 24960<\/li>\n<li>Lubrifi\u00e9 par un liquide pomp\u00e9 \u00e0 recirculation interne<\/li>\n<li>Contre-bride disponible sur demande<\/li>\n<\/ul>\n<h3>Moteur<\/h3>\n<ul>\n<li>Construction ferm\u00e9e, ventilation externe<\/li>\n<li>Classe d\u2019isolation : F<\/li>\n<li>Classe de bo\u00eetier : IP54 (configuration en option : IP55)<\/li>\n<li>Performance conforme \u00e0 la norme CEI 2-3 (IEC 34.1)<\/li>\n<li>Temp\u00e9rature ambiante maximale : +40\u00b0C<\/li>\n<li>Protection contre les surcharges<\/li>\n<li>Pour le mod\u00e8le qui \u22659,2kw&nbsp;: Equip\u00e9 d\u2019un moteur IE2, moteur IE3 disponible sur demande. Pour les mod\u00e8les de \u22647,5 kW, les 4 mod\u00e8les suivants peuvent \u00eatre \u00e9quip\u00e9s d\u2019un moteur IE3. (XST40-160\/30, XST40-160\/40, XST50-160\/55, XST50, 160\/75)  <\/li>\n<\/ul>\n<h3>Codes d\u2019identification<\/h3>\n<p><img fetchpriority=\"high\" decoding=\"async\" class=\"alignnone wp-image-757 size-full\" src=\"https:\/\/leowaterpump.com\/wp-content\/uploads\/2025\/09\/image-95.png\" alt=\"\" width=\"1118\" height=\"510\" srcset=\"https:\/\/leowaterpump.com\/wp-content\/uploads\/2025\/09\/image-95.png 1118w, https:\/\/leowaterpump.com\/wp-content\/uploads\/2025\/09\/image-95-300x137.png 300w, https:\/\/leowaterpump.com\/wp-content\/uploads\/2025\/09\/image-95-1024x467.png 1024w, https:\/\/leowaterpump.com\/wp-content\/uploads\/2025\/09\/image-95-768x350.png 768w, https:\/\/leowaterpump.com\/wp-content\/uploads\/2025\/09\/image-95-600x274.png 600w\" sizes=\"(max-width: 1118px) 100vw, 1118px\" \/><\/p><\/p>\n","protected":false},"featured_media":790,"template":"","meta":[],"product_brand":[],"product_cat":[184,182],"product_tag":[],"class_list":{"0":"post-1190","1":"product","2":"type-product","3":"status-publish","4":"has-post-thumbnail","6":"product_cat-pompe-centrifuge","7":"product_cat-pompes-commerciales","9":"first","10":"instock","11":"shipping-taxable","12":"product-type-simple"},"_links":{"self":[{"href":"https:\/\/leowaterpump.com\/fr\/wp-json\/wp\/v2\/product\/1190","targetHints":{"allow":["GET"]}}],"collection":[{"href":"https:\/\/leowaterpump.com\/fr\/wp-json\/wp\/v2\/product"}],"about":[{"href":"https:\/\/leowaterpump.com\/fr\/wp-json\/wp\/v2\/types\/product"}],"wp:featuredmedia":[{"embeddable":true,"href":"https:\/\/leowaterpump.com\/fr\/wp-json\/wp\/v2\/media\/790"}],"wp:attachment":[{"href":"https:\/\/leowaterpump.com\/fr\/wp-json\/wp\/v2\/media?parent=1190"}],"wp:term":[{"taxonomy":"product_brand","embeddable":true,"href":"https:\/\/leowaterpump.com\/fr\/wp-json\/wp\/v2\/product_brand?post=1190"},{"taxonomy":"product_cat","embeddable":true,"href":"https:\/\/leowaterpump.com\/fr\/wp-json\/wp\/v2\/product_cat?post=1190"},{"taxonomy":"product_tag","embeddable":true,"href":"https:\/\/leowaterpump.com\/fr\/wp-json\/wp\/v2\/product_tag?post=1190"}],"curies":[{"name":"wp","href":"https:\/\/api.w.org\/{rel}","templated":true}]}}