{"id":1184,"date":"2025-09-29T10:51:51","date_gmt":"2025-09-29T02:51:51","guid":{"rendered":"https:\/\/leowaterpump.com\/product\/pompe-centrifuge-standard-en-acier-inoxydable\/"},"modified":"2025-09-29T10:51:51","modified_gmt":"2025-09-29T02:51:51","slug":"pompe-centrifuge-standard-en-acier-inoxydable","status":"publish","type":"product","link":"https:\/\/leowaterpump.com\/fr\/produit\/pompe-centrifuge-standard-en-acier-inoxydable\/","title":{"rendered":"Pompe centrifuge standard en acier inoxydable"},"content":{"rendered":"<h3>Temp\u00e9rature ambiante<\/h3>\n<p>Max. Temp\u00e9rature ambiante : +40\u00b0C.  Une temp\u00e9rature ambiante sup\u00e9rieure \u00e0 40\u00b0C, ou une installation \u00e0 plus de 1000 m d\u2019altitude, n\u00e9cessite l\u2019utilisation d\u2019un moteur surdimensionn\u00e9. En raison de la faible densit\u00e9 de l\u2019air et des mauvais effets de refroidissement, la puissance de sortie du moteur P2 sera diminu\u00e9e. Voir l\u2019image.   <\/p>\n<p>Par exemple, lorsque la pompe est install\u00e9e \u00e0 plus de 3500 m d\u2019altitude, P2 sera r\u00e9duit \u00e0 88&nbsp;%. Lorsque la temp\u00e9rature ambiante est de 70\u00b0C, P2 sera r\u00e9duit \u00e0 78&nbsp;%. <\/p>\n<p><img fetchpriority=\"high\" decoding=\"async\" class=\"alignnone wp-image-754 size-full\" src=\"https:\/\/leowaterpump.com\/wp-content\/uploads\/2025\/09\/image-92.png\" alt=\"\" width=\"972\" height=\"546\" title=\"\" srcset=\"https:\/\/leowaterpump.com\/wp-content\/uploads\/2025\/09\/image-92.png 972w, https:\/\/leowaterpump.com\/wp-content\/uploads\/2025\/09\/image-92-300x169.png 300w, https:\/\/leowaterpump.com\/wp-content\/uploads\/2025\/09\/image-92-768x431.png 768w, https:\/\/leowaterpump.com\/wp-content\/uploads\/2025\/09\/image-92-600x337.png 600w\" sizes=\"(max-width: 972px) 100vw, 972px\" \/><\/p>\n<h3>Accessoires sur demande<\/h3>\n<p><img decoding=\"async\" class=\"alignnone wp-image-755 size-full\" src=\"https:\/\/leowaterpump.com\/wp-content\/uploads\/2025\/09\/image-93.png\" alt=\"\" width=\"848\" height=\"300\" title=\"\" srcset=\"https:\/\/leowaterpump.com\/wp-content\/uploads\/2025\/09\/image-93.png 848w, https:\/\/leowaterpump.com\/wp-content\/uploads\/2025\/09\/image-93-300x106.png 300w, https:\/\/leowaterpump.com\/wp-content\/uploads\/2025\/09\/image-93-768x272.png 768w, https:\/\/leowaterpump.com\/wp-content\/uploads\/2025\/09\/image-93-600x212.png 600w\" sizes=\"(max-width: 848px) 100vw, 848px\" \/><\/p>\n","protected":false},"excerpt":{"rendered":"<h3>Application<\/h3>\n<ul>\n<li>Approvisionnement en eau : filtration et transfert au niveau des aqueducs, approvisionnement r\u00e9gional en eau et surpression dans la conduite principale<\/li>\n<li>Surpression industrielle : Syst\u00e8me d\u2019eau, syst\u00e8me de nettoyage<\/li>\n<li>Approvisionnement en eau industrielle : alimentation de chaudi\u00e8re, syst\u00e8me de refroidissement, climatisation, transport de liquide acide l\u00e9ger et alcalin<\/li>\n<li>Traitement de l\u2019eau : syst\u00e8mes de distillation, s\u00e9parateurs, piscines<\/li>\n<li>Irrigation agricole, industrie p\u00e9trochimique, m\u00e9decine et santification, etc.<\/li>\n<\/ul>\n<h3>Conditions de fonctionnement<\/h3>\n<ul>\n<li>Mineux, propre, ininflammable et explosif, ne contenant pas le liquide avec des particules solides et des fibres<\/li>\n<li>Temp\u00e9rature du liquide : -15\u00b0C &#8211; +80\u00b0C<\/li>\n<li>Plage de d\u00e9bit&nbsp;: 0,7 &#8211; 132 m3 \/h<\/li>\n<li>Port\u00e9e de la t\u00eate : 9 &#8211; 58 m<\/li>\n<li>Plage de temp\u00e9rature ambiante : -15\u00b0C &#8211; + 40\u00b0C<\/li>\n<li>Max. Pression de service : 10 bar<\/li>\n<li>Altitude : jusqu\u2019\u00e0 1000 m<\/li>\n<li>Vanne PH liquide : 3 &#8211; 9<\/li>\n<li>Temp\u00e9rature ambiante maximale : +40\u00b0C<\/li>\n<\/ul>\n<h3>Moteur<\/h3>\n<ul>\n<li>Moteur IE2 (moteur IE3 disponible sur demande pour la puissance\u22659,2kw)<\/li>\n<li>Enti\u00e8rement ferm\u00e9 et refroidi par ventilateur<\/li>\n<li>Classe des bo\u00eetiers : IP55<\/li>\n<li>Classe d\u2019isolation : F<\/li>\n<\/ul>\n<h3>Codes d\u2019identification<\/h3>\n<p><img decoding=\"async\" class=\"alignnone wp-image-756 size-full\" src=\"https:\/\/leowaterpump.com\/wp-content\/uploads\/2025\/09\/image-94.png\" alt=\"\" width=\"930\" height=\"382\" srcset=\"https:\/\/leowaterpump.com\/wp-content\/uploads\/2025\/09\/image-94.png 930w, https:\/\/leowaterpump.com\/wp-content\/uploads\/2025\/09\/image-94-300x123.png 300w, https:\/\/leowaterpump.com\/wp-content\/uploads\/2025\/09\/image-94-768x315.png 768w, https:\/\/leowaterpump.com\/wp-content\/uploads\/2025\/09\/image-94-600x246.png 600w\" sizes=\"(max-width: 930px) 100vw, 930px\" \/><\/p>\n","protected":false},"featured_media":797,"template":"","meta":[],"product_brand":[],"product_cat":[184,182],"product_tag":[],"class_list":{"0":"post-1184","1":"product","2":"type-product","3":"status-publish","4":"has-post-thumbnail","6":"product_cat-pompe-centrifuge","7":"product_cat-pompes-commerciales","9":"first","10":"instock","11":"shipping-taxable","12":"product-type-simple"},"_links":{"self":[{"href":"https:\/\/leowaterpump.com\/fr\/wp-json\/wp\/v2\/product\/1184","targetHints":{"allow":["GET"]}}],"collection":[{"href":"https:\/\/leowaterpump.com\/fr\/wp-json\/wp\/v2\/product"}],"about":[{"href":"https:\/\/leowaterpump.com\/fr\/wp-json\/wp\/v2\/types\/product"}],"wp:featuredmedia":[{"embeddable":true,"href":"https:\/\/leowaterpump.com\/fr\/wp-json\/wp\/v2\/media\/797"}],"wp:attachment":[{"href":"https:\/\/leowaterpump.com\/fr\/wp-json\/wp\/v2\/media?parent=1184"}],"wp:term":[{"taxonomy":"product_brand","embeddable":true,"href":"https:\/\/leowaterpump.com\/fr\/wp-json\/wp\/v2\/product_brand?post=1184"},{"taxonomy":"product_cat","embeddable":true,"href":"https:\/\/leowaterpump.com\/fr\/wp-json\/wp\/v2\/product_cat?post=1184"},{"taxonomy":"product_tag","embeddable":true,"href":"https:\/\/leowaterpump.com\/fr\/wp-json\/wp\/v2\/product_tag?post=1184"}],"curies":[{"name":"wp","href":"https:\/\/api.w.org\/{rel}","templated":true}]}}