{"id":1046,"date":"2025-09-29T10:51:51","date_gmt":"2025-09-29T02:51:51","guid":{"rendered":"https:\/\/leowaterpump.com\/product\/bomba-de-chorro-de-pozo-poco-profundode-hierro-fundido\/"},"modified":"2025-09-29T10:51:51","modified_gmt":"2025-09-29T02:51:51","slug":"bomba-de-chorro-de-pozo-poco-profundode-hierro-fundido","status":"publish","type":"product","link":"https:\/\/leowaterpump.com\/es\/producto\/bomba-de-chorro-de-pozo-poco-profundode-hierro-fundido\/","title":{"rendered":"Bomba de chorro de pozo poco profundo\nde hierro fundido"},"content":{"rendered":"<p><img fetchpriority=\"high\" decoding=\"async\" class=\"alignnone wp-image-669 size-full\" src=\"https:\/\/leowaterpump.com\/wp-content\/uploads\/2025\/09\/image-7.png\" alt=\"\" width=\"1436\" height=\"250\" title=\"\" srcset=\"https:\/\/leowaterpump.com\/wp-content\/uploads\/2025\/09\/image-7.png 1436w, https:\/\/leowaterpump.com\/wp-content\/uploads\/2025\/09\/image-7-300x52.png 300w, https:\/\/leowaterpump.com\/wp-content\/uploads\/2025\/09\/image-7-1024x178.png 1024w, https:\/\/leowaterpump.com\/wp-content\/uploads\/2025\/09\/image-7-768x134.png 768w, https:\/\/leowaterpump.com\/wp-content\/uploads\/2025\/09\/image-7-600x104.png 600w\" sizes=\"(max-width: 1436px) 100vw, 1436px\" \/><\/p>\n<h3>ESPECIFICACIONES DEL CART\u00d3N<\/h3>\n<p><img decoding=\"async\" class=\"alignnone wp-image-670 size-full\" src=\"https:\/\/leowaterpump.com\/wp-content\/uploads\/2025\/09\/image-8.png\" alt=\"\" width=\"936\" height=\"208\" title=\"\" srcset=\"https:\/\/leowaterpump.com\/wp-content\/uploads\/2025\/09\/image-8.png 936w, https:\/\/leowaterpump.com\/wp-content\/uploads\/2025\/09\/image-8-300x67.png 300w, https:\/\/leowaterpump.com\/wp-content\/uploads\/2025\/09\/image-8-768x171.png 768w, https:\/\/leowaterpump.com\/wp-content\/uploads\/2025\/09\/image-8-600x133.png 600w\" sizes=\"(max-width: 936px) 100vw, 936px\" \/><\/p>\n<p><img decoding=\"async\" class=\"alignnone wp-image-671 size-full\" src=\"https:\/\/leowaterpump.com\/wp-content\/uploads\/2025\/09\/image-9.png\" alt=\"\" width=\"726\" height=\"532\" title=\"\" srcset=\"https:\/\/leowaterpump.com\/wp-content\/uploads\/2025\/09\/image-9.png 726w, https:\/\/leowaterpump.com\/wp-content\/uploads\/2025\/09\/image-9-300x220.png 300w, https:\/\/leowaterpump.com\/wp-content\/uploads\/2025\/09\/image-9-600x440.png 600w\" sizes=\"(max-width: 726px) 100vw, 726px\" \/><\/p>\n","protected":false},"excerpt":{"rendered":"<h3>APLICACIONES<\/h3>\n<p><span style=\"font-size: 16px\">Ideal para el suministro de agua dulce a casas rurales, granjas y caba\u00f1as que tienen elevadores de succi\u00f3n de hasta 25 pies<\/span><\/p>\n<h3>CARACTER\u00cdSTICAS Y BENEFICIOS<\/h3>\n<ul>\n<li>Voluta de hierro fundido duradera<\/li>\n<li>Protector de sobrecarga t\u00e9rmica autom\u00e1tico incorporado  <\/li>\n<li>El interruptor de presi\u00f3n est\u00e1 preestablecido a 30-50 PSI para operaci\u00f3n autom\u00e1tica<\/li>\n<li>Para usar en aplicaciones de pozos poco profundos donde los pozos tienen 25 pies (7,6 m) de profundidad o menos<\/li>\n<\/ul>\n","protected":false},"featured_media":799,"template":"","meta":[],"product_brand":[],"product_cat":[145,173,138],"product_tag":[],"class_list":{"0":"post-1046","1":"product","2":"type-product","3":"status-publish","4":"has-post-thumbnail","6":"product_cat-agua-limpia","7":"product_cat-bomba-de-chorro-de-pozo-poco-profundo-de-hierro-fundido","8":"product_cat-sin-categoria","10":"first","11":"instock","12":"shipping-taxable","13":"product-type-simple"},"_links":{"self":[{"href":"https:\/\/leowaterpump.com\/es\/wp-json\/wp\/v2\/product\/1046","targetHints":{"allow":["GET"]}}],"collection":[{"href":"https:\/\/leowaterpump.com\/es\/wp-json\/wp\/v2\/product"}],"about":[{"href":"https:\/\/leowaterpump.com\/es\/wp-json\/wp\/v2\/types\/product"}],"wp:featuredmedia":[{"embeddable":true,"href":"https:\/\/leowaterpump.com\/es\/wp-json\/wp\/v2\/media\/799"}],"wp:attachment":[{"href":"https:\/\/leowaterpump.com\/es\/wp-json\/wp\/v2\/media?parent=1046"}],"wp:term":[{"taxonomy":"product_brand","embeddable":true,"href":"https:\/\/leowaterpump.com\/es\/wp-json\/wp\/v2\/product_brand?post=1046"},{"taxonomy":"product_cat","embeddable":true,"href":"https:\/\/leowaterpump.com\/es\/wp-json\/wp\/v2\/product_cat?post=1046"},{"taxonomy":"product_tag","embeddable":true,"href":"https:\/\/leowaterpump.com\/es\/wp-json\/wp\/v2\/product_tag?post=1046"}],"curies":[{"name":"wp","href":"https:\/\/api.w.org\/{rel}","templated":true}]}}