{"id":1004,"date":"2025-09-29T10:51:50","date_gmt":"2025-09-29T02:51:50","guid":{"rendered":"https:\/\/leowaterpump.com\/product\/bomba-de-sumidero-de-acero-inoxidable\/"},"modified":"2025-09-29T10:51:50","modified_gmt":"2025-09-29T02:51:50","slug":"bomba-de-sumidero-de-acero-inoxidable","status":"publish","type":"product","link":"https:\/\/leowaterpump.com\/es\/producto\/bomba-de-sumidero-de-acero-inoxidable\/","title":{"rendered":"Bomba de sumidero de acero inoxidable"},"content":{"rendered":"<p><img fetchpriority=\"high\" decoding=\"async\" class=\"alignnone wp-image-849 size-full\" src=\"https:\/\/leowaterpump.com\/wp-content\/uploads\/2025\/09\/image-128.png\" alt=\"\" width=\"1570\" height=\"230\" title=\"\" srcset=\"https:\/\/leowaterpump.com\/wp-content\/uploads\/2025\/09\/image-128.png 1570w, https:\/\/leowaterpump.com\/wp-content\/uploads\/2025\/09\/image-128-300x44.png 300w, https:\/\/leowaterpump.com\/wp-content\/uploads\/2025\/09\/image-128-1024x150.png 1024w, https:\/\/leowaterpump.com\/wp-content\/uploads\/2025\/09\/image-128-768x113.png 768w, https:\/\/leowaterpump.com\/wp-content\/uploads\/2025\/09\/image-128-1536x225.png 1536w, https:\/\/leowaterpump.com\/wp-content\/uploads\/2025\/09\/image-128-600x88.png 600w\" sizes=\"(max-width: 1570px) 100vw, 1570px\" \/><\/p>\n<h3>ESPECIFICACIONES DEL CART\u00d3N<\/h3>\n<p><img decoding=\"async\" class=\"alignnone wp-image-850 size-full\" src=\"https:\/\/leowaterpump.com\/wp-content\/uploads\/2025\/09\/image-129.png\" alt=\"\" width=\"1037\" height=\"229\" title=\"\" srcset=\"https:\/\/leowaterpump.com\/wp-content\/uploads\/2025\/09\/image-129.png 1037w, https:\/\/leowaterpump.com\/wp-content\/uploads\/2025\/09\/image-129-300x66.png 300w, https:\/\/leowaterpump.com\/wp-content\/uploads\/2025\/09\/image-129-1024x226.png 1024w, https:\/\/leowaterpump.com\/wp-content\/uploads\/2025\/09\/image-129-768x170.png 768w, https:\/\/leowaterpump.com\/wp-content\/uploads\/2025\/09\/image-129-600x132.png 600w\" sizes=\"(max-width: 1037px) 100vw, 1037px\" \/><\/p>\n<p><img decoding=\"async\" class=\"alignnone wp-image-851 size-full\" src=\"https:\/\/leowaterpump.com\/wp-content\/uploads\/2025\/09\/image-130.png\" alt=\"\" width=\"757\" height=\"555\" title=\"\" srcset=\"https:\/\/leowaterpump.com\/wp-content\/uploads\/2025\/09\/image-130.png 757w, https:\/\/leowaterpump.com\/wp-content\/uploads\/2025\/09\/image-130-300x220.png 300w, https:\/\/leowaterpump.com\/wp-content\/uploads\/2025\/09\/image-130-600x440.png 600w\" sizes=\"(max-width: 757px) 100vw, 757px\" \/><\/p>\n","protected":false},"excerpt":{"rendered":"<h3>APLICACIONES<\/h3>\n<p>Ideal para la eliminaci\u00f3n de agua de volumen promedio a alto en espacios residenciales como s\u00f3tanos y espacios de arrastre.<\/p>\n<h3>CARACTER\u00cdSTICAS Y BENEFICIOS<\/h3>\n<ul>\n<li>El dise\u00f1o de succi\u00f3n superior ayuda a eliminar las esclusas de aire y filtra los desechos<\/li>\n<li>El dise\u00f1o silencioso de la bomba de sumidero reduce el ruido durante el bombeo<\/li>\n<li>Rendimiento fiable sin ruido<\/li>\n<li>Interruptor de flotador de acci\u00f3n r\u00e1pida integral para operaci\u00f3n autom\u00e1tica<\/li>\n<li>Protecci\u00f3n autom\u00e1tica del motor de sobrecarga t\u00e9rmica incorporada<\/li>\n<li>Reemplaza f\u00e1cilmente todas las bombas de interruptor de flotador de acci\u00f3n r\u00e1pida<\/li>\n<li>Para usar en cuencas de sumidero de 14 \u00bb de di\u00e1metro o m\u00e1s grandes<\/li>\n<li>El cuerpo de pl\u00e1stico de la bomba evita obstrucciones y evita que la bomba se mueva<br \/>\nalrededor del pozo<\/li>\n<li>Descarga de 1-1\/2\u00bb<\/li>\n<li>Cable de alimentaci\u00f3n de 10 pies<\/li>\n<\/ul>\n","protected":false},"featured_media":813,"template":"","meta":[],"product_brand":[],"product_cat":[154,156,138],"product_tag":[],"class_list":{"0":"post-1004","1":"product","2":"type-product","3":"status-publish","4":"has-post-thumbnail","6":"product_cat-bomba-de-sumidero","7":"product_cat-bomba-de-sumidero-de-acero-inoxidable","8":"product_cat-sin-categoria","10":"first","11":"instock","12":"shipping-taxable","13":"product-type-simple"},"_links":{"self":[{"href":"https:\/\/leowaterpump.com\/es\/wp-json\/wp\/v2\/product\/1004","targetHints":{"allow":["GET"]}}],"collection":[{"href":"https:\/\/leowaterpump.com\/es\/wp-json\/wp\/v2\/product"}],"about":[{"href":"https:\/\/leowaterpump.com\/es\/wp-json\/wp\/v2\/types\/product"}],"wp:featuredmedia":[{"embeddable":true,"href":"https:\/\/leowaterpump.com\/es\/wp-json\/wp\/v2\/media\/813"}],"wp:attachment":[{"href":"https:\/\/leowaterpump.com\/es\/wp-json\/wp\/v2\/media?parent=1004"}],"wp:term":[{"taxonomy":"product_brand","embeddable":true,"href":"https:\/\/leowaterpump.com\/es\/wp-json\/wp\/v2\/product_brand?post=1004"},{"taxonomy":"product_cat","embeddable":true,"href":"https:\/\/leowaterpump.com\/es\/wp-json\/wp\/v2\/product_cat?post=1004"},{"taxonomy":"product_tag","embeddable":true,"href":"https:\/\/leowaterpump.com\/es\/wp-json\/wp\/v2\/product_tag?post=1004"}],"curies":[{"name":"wp","href":"https:\/\/api.w.org\/{rel}","templated":true}]}}