{"id":1002,"date":"2025-09-29T10:51:50","date_gmt":"2025-09-29T02:51:50","guid":{"rendered":"https:\/\/leowaterpump.com\/product\/bomba-de-piscina-3\/"},"modified":"2025-09-29T10:51:50","modified_gmt":"2025-09-29T02:51:50","slug":"bomba-de-piscina-3","status":"publish","type":"product","link":"https:\/\/leowaterpump.com\/es\/producto\/bomba-de-piscina-3\/","title":{"rendered":"Bomba de piscina"},"content":{"rendered":"<p><img fetchpriority=\"high\" decoding=\"async\" class=\"alignnone wp-image-730 size-full\" src=\"https:\/\/leowaterpump.com\/wp-content\/uploads\/2025\/09\/image-68.png\" alt=\"\" width=\"1280\" height=\"216\" title=\"\" srcset=\"https:\/\/leowaterpump.com\/wp-content\/uploads\/2025\/09\/image-68.png 1280w, https:\/\/leowaterpump.com\/wp-content\/uploads\/2025\/09\/image-68-300x51.png 300w, https:\/\/leowaterpump.com\/wp-content\/uploads\/2025\/09\/image-68-1024x173.png 1024w, https:\/\/leowaterpump.com\/wp-content\/uploads\/2025\/09\/image-68-768x130.png 768w, https:\/\/leowaterpump.com\/wp-content\/uploads\/2025\/09\/image-68-600x101.png 600w\" sizes=\"(max-width: 1280px) 100vw, 1280px\" \/><\/p>\n<h3>ESPECIFICACIONES DEL CART\u00d3N<\/h3>\n<p><img decoding=\"async\" class=\"alignnone wp-image-731 size-full\" src=\"https:\/\/leowaterpump.com\/wp-content\/uploads\/2025\/09\/image-69.png\" alt=\"\" width=\"844\" height=\"206\" title=\"\" srcset=\"https:\/\/leowaterpump.com\/wp-content\/uploads\/2025\/09\/image-69.png 844w, https:\/\/leowaterpump.com\/wp-content\/uploads\/2025\/09\/image-69-300x73.png 300w, https:\/\/leowaterpump.com\/wp-content\/uploads\/2025\/09\/image-69-768x187.png 768w, https:\/\/leowaterpump.com\/wp-content\/uploads\/2025\/09\/image-69-600x146.png 600w\" sizes=\"(max-width: 844px) 100vw, 844px\" \/><\/p>\n<p><img decoding=\"async\" class=\"alignnone wp-image-732 size-full\" src=\"https:\/\/leowaterpump.com\/wp-content\/uploads\/2025\/09\/image-70.png\" alt=\"\" width=\"642\" height=\"454\" title=\"\" srcset=\"https:\/\/leowaterpump.com\/wp-content\/uploads\/2025\/09\/image-70.png 642w, https:\/\/leowaterpump.com\/wp-content\/uploads\/2025\/09\/image-70-300x212.png 300w, https:\/\/leowaterpump.com\/wp-content\/uploads\/2025\/09\/image-70-600x424.png 600w\" sizes=\"(max-width: 642px) 100vw, 642px\" \/><\/p>\n","protected":false},"excerpt":{"rendered":"<h3>APLICACIONES<\/h3>\n<p>Se utiliza para la circulaci\u00f3n de agua en todo tipo de piscinas dom\u00e9sticas peque\u00f1as. El agua ligeramente sucia con s\u00f3lidos en suspensi\u00f3n se puede filtrar perfectamente. <\/p>\n<h3>CARACTER\u00cdSTICAS Y BENEFICIOS<\/h3>\n<ul>\n<li>El motor es completamente resistente a la lluvia, seguro y confiable<\/li>\n<li>Protector de sobrecarga t\u00e9rmica<\/li>\n<li>Clase de aislamiento: F<\/li>\n<li>Clase de protecci\u00f3n: IPX5<\/li>\n<li>El motor permite que S1 funcione continuamente<\/li>\n<li>El dise\u00f1o de la cubierta de la carcasa se puede desmontar f\u00e1cilmente<\/li>\n<li>Volumen de cesta de gran capacidad<\/li>\n<li>Dise\u00f1o para manejar productos qu\u00edmicos para piscinas<\/li>\n<li>Las partes h\u00famedas de la bomba est\u00e1n reforzadas con pl\u00e1sticos de ingenier\u00eda<\/li>\n<li>Tapones de drenaje de la bomba de agua para la instalaci\u00f3n<\/li>\n<\/ul>\n","protected":false},"featured_media":831,"template":"","meta":[],"product_brand":[],"product_cat":[151,150,138],"product_tag":[],"class_list":{"0":"post-1002","1":"product","2":"type-product","3":"status-publish","4":"has-post-thumbnail","6":"product_cat-bomba-de-piscina","8":"product_cat-sin-categoria","10":"first","11":"instock","12":"shipping-taxable","13":"product-type-simple"},"_links":{"self":[{"href":"https:\/\/leowaterpump.com\/es\/wp-json\/wp\/v2\/product\/1002","targetHints":{"allow":["GET"]}}],"collection":[{"href":"https:\/\/leowaterpump.com\/es\/wp-json\/wp\/v2\/product"}],"about":[{"href":"https:\/\/leowaterpump.com\/es\/wp-json\/wp\/v2\/types\/product"}],"wp:featuredmedia":[{"embeddable":true,"href":"https:\/\/leowaterpump.com\/es\/wp-json\/wp\/v2\/media\/831"}],"wp:attachment":[{"href":"https:\/\/leowaterpump.com\/es\/wp-json\/wp\/v2\/media?parent=1002"}],"wp:term":[{"taxonomy":"product_brand","embeddable":true,"href":"https:\/\/leowaterpump.com\/es\/wp-json\/wp\/v2\/product_brand?post=1002"},{"taxonomy":"product_cat","embeddable":true,"href":"https:\/\/leowaterpump.com\/es\/wp-json\/wp\/v2\/product_cat?post=1002"},{"taxonomy":"product_tag","embeddable":true,"href":"https:\/\/leowaterpump.com\/es\/wp-json\/wp\/v2\/product_tag?post=1002"}],"curies":[{"name":"wp","href":"https:\/\/api.w.org\/{rel}","templated":true}]}}